{"id":16076,"date":"2023-11-04T00:32:43","date_gmt":"2023-11-03T23:32:43","guid":{"rendered":"http:\/\/innocentiemangonipiante.it\/cupressocyparis-leylandii\/"},"modified":"2023-11-09T09:43:23","modified_gmt":"2023-11-09T08:43:23","slug":"cupressocyparis-leylandii","status":"publish","type":"product","link":"https:\/\/innocentiemangonipiante.it\/es\/cupressocyparis-leylandii\/","title":{"rendered":"CUPRESSOCYPARIS leylandii"},"content":{"rendered":"<p>Con\u00edfera popular de porte c\u00f3nico y regular y de crecimiento muy r\u00e1pido. Follaje muy denso y compacto, escuamiforme, de color verde intenso. Muy tolerante a todos los suelos y climas. Resiste bien en ambiente marino. \u00c1rbol f\u00e1cil, quiere ser podado al transplante. Muy utilizado en peque\u00f1o tama\u00f1o para formar setos r\u00e1pidamente o como grande \u00e1rbol solitario.<\/p>\n","protected":false},"excerpt":{"rendered":"<p>Con\u00edfera popular de porte c\u00f3nico y regular y de crecimiento muy r\u00e1pido. Follaje muy denso y compacto, escuamiforme, de color verde intenso. Muy tolerante a todos los suelos y climas. Resiste bien en ambiente marino. \u00c1rbol f\u00e1cil, quiere ser podado al transplante. Muy utilizado en peque\u00f1o tama\u00f1o para formar setos r\u00e1pidamente o como grande \u00e1rbol [&hellip;]<\/p>\n","protected":false},"featured_media":2138,"template":"","meta":{"_acf_changed":false},"product_brand":[],"product_cat":[8826],"product_tag":[10899,8737,8758,8718,8426],"class_list":{"0":"post-16076","1":"product","2":"type-product","3":"status-publish","4":"has-post-thumbnail","6":"product_cat-coniferas","7":"product_tag-natural-es","8":"product_tag-cuarto-de-tallo","9":"product_tag-espiral","10":"product_tag-pompons-es","11":"product_tag-tronco-alto-espaldera","12":"pa_altezza-massima-20-metros","13":"pa_altezza-massima-30-metros","14":"pa_condizionamento-clt-es","15":"pa_condizionamento-placa","16":"pa_condizionamento-vs-es","17":"pa_famiglia-cupressaceae-es","18":"pa_genere-cupressocyparis-es","19":"pa_origine-inglaterra","20":"pa_portamento-conico-es","21":"pa_resistenza-climatica-muy-elevada","22":"pa_resistenza-del-suolo-resistente-a-los-suelos-pobres","23":"pa_salinita-resistente-alla-salsedine-es","24":"pa_utilizzo-parques","25":"pa_utilizzo-setos","27":"first","28":"instock","29":"purchasable","30":"product-type-simple"},"acf":[],"_links":{"self":[{"href":"https:\/\/innocentiemangonipiante.it\/es\/wp-json\/wp\/v2\/product\/16076","targetHints":{"allow":["GET"]}}],"collection":[{"href":"https:\/\/innocentiemangonipiante.it\/es\/wp-json\/wp\/v2\/product"}],"about":[{"href":"https:\/\/innocentiemangonipiante.it\/es\/wp-json\/wp\/v2\/types\/product"}],"wp:featuredmedia":[{"embeddable":true,"href":"https:\/\/innocentiemangonipiante.it\/es\/wp-json\/wp\/v2\/media\/2138"}],"wp:attachment":[{"href":"https:\/\/innocentiemangonipiante.it\/es\/wp-json\/wp\/v2\/media?parent=16076"}],"wp:term":[{"taxonomy":"product_brand","embeddable":true,"href":"https:\/\/innocentiemangonipiante.it\/es\/wp-json\/wp\/v2\/product_brand?post=16076"},{"taxonomy":"product_cat","embeddable":true,"href":"https:\/\/innocentiemangonipiante.it\/es\/wp-json\/wp\/v2\/product_cat?post=16076"},{"taxonomy":"product_tag","embeddable":true,"href":"https:\/\/innocentiemangonipiante.it\/es\/wp-json\/wp\/v2\/product_tag?post=16076"}],"curies":[{"name":"wp","href":"https:\/\/api.w.org\/{rel}","templated":true}]}}