{"id":16078,"date":"2023-11-04T00:35:58","date_gmt":"2023-11-03T23:35:58","guid":{"rendered":"http:\/\/innocentiemangonipiante.it\/cupressus-sempervirens-totem\/"},"modified":"2023-11-09T09:46:06","modified_gmt":"2023-11-09T08:46:06","slug":"cupressus-sempervirens-totem","status":"publish","type":"product","link":"https:\/\/innocentiemangonipiante.it\/es\/cupressus-sempervirens-totem\/","title":{"rendered":"CUPRESSUS sempervirens &#8216;Totem&#8217;"},"content":{"rendered":"<p>Selecci\u00f3n que deriva de Cup. semp. \u2018Pyramidalis\u2019, de porte todav\u00eda m\u00e1s compacto. La coloraci\u00f3n verde oscura del follaje tiene reflejos que tiran a azul.<\/p>\n","protected":false},"excerpt":{"rendered":"<p>Selecci\u00f3n que deriva de Cup. semp. \u2018Pyramidalis\u2019, de porte todav\u00eda m\u00e1s compacto. La coloraci\u00f3n verde oscura del follaje tiene reflejos que tiran a azul.<\/p>\n","protected":false},"featured_media":2200,"template":"","meta":{"_acf_changed":false},"product_brand":[],"product_cat":[8826],"product_tag":[10899],"class_list":{"0":"post-16078","1":"product","2":"type-product","3":"status-publish","4":"has-post-thumbnail","6":"product_cat-coniferas","7":"product_tag-natural-es","8":"pa_altezza-massima-800-es","9":"pa_altezza-massima-1000-es-2","10":"pa_condizionamento-clt-es","11":"pa_condizionamento-vs-es","12":"pa_famiglia-cupressaceae-es","13":"pa_genere-cupressus-es","14":"pa_origine-francia","15":"pa_portamento-de-columna-es","16":"pa_resistenza-climatica-media-elevada","17":"pa_resistenza-del-suolo-resistente-a-los-suelos-calcareos","18":"pa_salinita-resistente-alla-salsedine-es","19":"pa_utilizzo-avenidas","20":"pa_utilizzo-parques","22":"first","23":"instock","24":"purchasable","25":"product-type-simple"},"acf":[],"_links":{"self":[{"href":"https:\/\/innocentiemangonipiante.it\/es\/wp-json\/wp\/v2\/product\/16078","targetHints":{"allow":["GET"]}}],"collection":[{"href":"https:\/\/innocentiemangonipiante.it\/es\/wp-json\/wp\/v2\/product"}],"about":[{"href":"https:\/\/innocentiemangonipiante.it\/es\/wp-json\/wp\/v2\/types\/product"}],"wp:featuredmedia":[{"embeddable":true,"href":"https:\/\/innocentiemangonipiante.it\/es\/wp-json\/wp\/v2\/media\/2200"}],"wp:attachment":[{"href":"https:\/\/innocentiemangonipiante.it\/es\/wp-json\/wp\/v2\/media?parent=16078"}],"wp:term":[{"taxonomy":"product_brand","embeddable":true,"href":"https:\/\/innocentiemangonipiante.it\/es\/wp-json\/wp\/v2\/product_brand?post=16078"},{"taxonomy":"product_cat","embeddable":true,"href":"https:\/\/innocentiemangonipiante.it\/es\/wp-json\/wp\/v2\/product_cat?post=16078"},{"taxonomy":"product_tag","embeddable":true,"href":"https:\/\/innocentiemangonipiante.it\/es\/wp-json\/wp\/v2\/product_tag?post=16078"}],"curies":[{"name":"wp","href":"https:\/\/api.w.org\/{rel}","templated":true}]}}