{"id":16079,"date":"2023-11-04T00:35:38","date_gmt":"2023-11-03T23:35:38","guid":{"rendered":"http:\/\/innocentiemangonipiante.it\/cupressus-sempervirens-pyramidalis\/"},"modified":"2023-11-09T09:45:51","modified_gmt":"2023-11-09T08:45:51","slug":"cupressus-sempervirens-pyramidalis","status":"publish","type":"product","link":"https:\/\/innocentiemangonipiante.it\/es\/cupressus-sempervirens-pyramidalis\/","title":{"rendered":"CUPRESSUS sempervirens &#8216;Pyramidalis&#8217;"},"content":{"rendered":"<p>Con\u00edfera de porte columnar. El fin\u00edsimo follaje de color verde oscuro que crece espeso en las ramas erguidas y agrupadas, confiere a esta especial selecci\u00f3n una densidad y silhouette realmente \u00fanicas. El crecimiento es r\u00e1pido.<\/p>\n","protected":false},"excerpt":{"rendered":"<p>Con\u00edfera de porte columnar. El fin\u00edsimo follaje de color verde oscuro que crece espeso en las ramas erguidas y agrupadas, confiere a esta especial selecci\u00f3n una densidad y silhouette realmente \u00fanicas. El crecimiento es r\u00e1pido.<\/p>\n","protected":false},"featured_media":2194,"template":"","meta":{"_acf_changed":false},"product_brand":[],"product_cat":[8826,9232],"product_tag":[10899,8566],"class_list":{"0":"post-16079","1":"product","2":"type-product","3":"status-publish","4":"has-post-thumbnail","6":"product_cat-coniferas","7":"product_cat-arboles-y-plantas-del-futuro","8":"product_tag-natural-es","9":"product_tag-medio-tallo","10":"pa_altezza-massima-20-metros","11":"pa_altezza-massima-25-metros","12":"pa_condizionamento-clt-es","13":"pa_condizionamento-vs-es","14":"pa_famiglia-cupressaceae-es","15":"pa_genere-cupressus-es","16":"pa_origine-italia-es","17":"pa_portamento-de-columna-es","18":"pa_resistenza-climatica-media","19":"pa_resistenza-del-suolo-resistente-a-los-suelos-calcareos","20":"pa_salinita-resistente-alla-salsedine-es","21":"pa_utilizzo-avenidas","22":"pa_utilizzo-parques","24":"first","25":"instock","26":"purchasable","27":"product-type-simple"},"acf":[],"_links":{"self":[{"href":"https:\/\/innocentiemangonipiante.it\/es\/wp-json\/wp\/v2\/product\/16079","targetHints":{"allow":["GET"]}}],"collection":[{"href":"https:\/\/innocentiemangonipiante.it\/es\/wp-json\/wp\/v2\/product"}],"about":[{"href":"https:\/\/innocentiemangonipiante.it\/es\/wp-json\/wp\/v2\/types\/product"}],"wp:featuredmedia":[{"embeddable":true,"href":"https:\/\/innocentiemangonipiante.it\/es\/wp-json\/wp\/v2\/media\/2194"}],"wp:attachment":[{"href":"https:\/\/innocentiemangonipiante.it\/es\/wp-json\/wp\/v2\/media?parent=16079"}],"wp:term":[{"taxonomy":"product_brand","embeddable":true,"href":"https:\/\/innocentiemangonipiante.it\/es\/wp-json\/wp\/v2\/product_brand?post=16079"},{"taxonomy":"product_cat","embeddable":true,"href":"https:\/\/innocentiemangonipiante.it\/es\/wp-json\/wp\/v2\/product_cat?post=16079"},{"taxonomy":"product_tag","embeddable":true,"href":"https:\/\/innocentiemangonipiante.it\/es\/wp-json\/wp\/v2\/product_tag?post=16079"}],"curies":[{"name":"wp","href":"https:\/\/api.w.org\/{rel}","templated":true}]}}