{"id":16082,"date":"2023-11-04T00:34:56","date_gmt":"2023-11-03T23:34:56","guid":{"rendered":"http:\/\/innocentiemangonipiante.it\/cupressus-macrocarpa-goldcrest\/"},"modified":"2023-11-09T09:45:21","modified_gmt":"2023-11-09T08:45:21","slug":"cupressus-macrocarpa-goldcrest","status":"publish","type":"product","link":"https:\/\/innocentiemangonipiante.it\/es\/cupressus-macrocarpa-goldcrest\/","title":{"rendered":"CUPRESSUS macrocarpa &#8216;Goldcrest&#8217;"},"content":{"rendered":"<p>Con\u00edfera de porte c\u00f3nico o columnar y de crecimiento muy r\u00e1pido. El follaje, de color amarillo luminoso, se desarrolla en ramas ascendentes muy compactas que otorgan a la planta un aspecto muy denso. Las hojas, muy perfumadas, presentan una intensa fragancia de lim\u00f3n.<\/p>\n","protected":false},"excerpt":{"rendered":"<p>Con\u00edfera de porte c\u00f3nico o columnar y de crecimiento muy r\u00e1pido. El follaje, de color amarillo luminoso, se desarrolla en ramas ascendentes muy compactas que otorgan a la planta un aspecto muy denso. Las hojas, muy perfumadas, presentan una intensa fragancia de lim\u00f3n.<\/p>\n","protected":false},"featured_media":2169,"template":"","meta":{"_acf_changed":false},"product_brand":[],"product_cat":[8826],"product_tag":[10899,10958,8758,8718],"class_list":{"0":"post-16082","1":"product","2":"type-product","3":"status-publish","4":"has-post-thumbnail","6":"product_cat-coniferas","7":"product_tag-natural-es","8":"product_tag-3-bolas-superpuestas","9":"product_tag-espiral","10":"product_tag-pompons-es","11":"pa_altezza-massima-15-metros","12":"pa_altezza-massima-20-metros","13":"pa_colore-delle-foglie-amarillas","14":"pa_condizionamento-clt-es","15":"pa_condizionamento-vs-es","16":"pa_famiglia-cupressaceae-es","17":"pa_genere-cupressus-es","18":"pa_origine-california-es","19":"pa_portamento-conico-es","20":"pa_resistenza-climatica-media-elevada","21":"pa_resistenza-del-suolo-resistente-a-los-suelos-secos","22":"pa_salinita-resistente-alla-salsedine-es","23":"pa_utilizzo-parques","25":"first","26":"instock","27":"purchasable","28":"product-type-simple"},"acf":[],"_links":{"self":[{"href":"https:\/\/innocentiemangonipiante.it\/es\/wp-json\/wp\/v2\/product\/16082","targetHints":{"allow":["GET"]}}],"collection":[{"href":"https:\/\/innocentiemangonipiante.it\/es\/wp-json\/wp\/v2\/product"}],"about":[{"href":"https:\/\/innocentiemangonipiante.it\/es\/wp-json\/wp\/v2\/types\/product"}],"wp:featuredmedia":[{"embeddable":true,"href":"https:\/\/innocentiemangonipiante.it\/es\/wp-json\/wp\/v2\/media\/2169"}],"wp:attachment":[{"href":"https:\/\/innocentiemangonipiante.it\/es\/wp-json\/wp\/v2\/media?parent=16082"}],"wp:term":[{"taxonomy":"product_brand","embeddable":true,"href":"https:\/\/innocentiemangonipiante.it\/es\/wp-json\/wp\/v2\/product_brand?post=16082"},{"taxonomy":"product_cat","embeddable":true,"href":"https:\/\/innocentiemangonipiante.it\/es\/wp-json\/wp\/v2\/product_cat?post=16082"},{"taxonomy":"product_tag","embeddable":true,"href":"https:\/\/innocentiemangonipiante.it\/es\/wp-json\/wp\/v2\/product_tag?post=16082"}],"curies":[{"name":"wp","href":"https:\/\/api.w.org\/{rel}","templated":true}]}}