{"id":16083,"date":"2023-11-04T00:34:30","date_gmt":"2023-11-03T23:34:30","guid":{"rendered":"http:\/\/innocentiemangonipiante.it\/cupressus-arizonica-fastigiata\/"},"modified":"2023-11-09T09:44:41","modified_gmt":"2023-11-09T08:44:41","slug":"cupressus-arizonica-fastigiata","status":"publish","type":"product","link":"https:\/\/innocentiemangonipiante.it\/es\/cupressus-arizonica-fastigiata\/","title":{"rendered":"CUPRESSUS arizonica &#8216;Fastigiata&#8217;"},"content":{"rendered":"<p>Con\u00edfera de porte de c\u00f3nico a columnar y estrecho. La corteza, lisa, es de color marr\u00f3n-rojizo. El follaje es de color azul-acero. Suporta bien la exposici\u00f3n ensoleillada y la sequ\u00eda. R\u00fastico (-20\u00b0C). Utilizado para formar setos y como \u00e1rbol solitario por su bonito color.<\/p>\n","protected":false},"excerpt":{"rendered":"<p>Con\u00edfera de porte de c\u00f3nico a columnar y estrecho. La corteza, lisa, es de color marr\u00f3n-rojizo. El follaje es de color azul-acero. Suporta bien la exposici\u00f3n ensoleillada y la sequ\u00eda. R\u00fastico (-20\u00b0C). Utilizado para formar setos y como \u00e1rbol solitario por su bonito color.<\/p>\n","protected":false},"featured_media":2163,"template":"","meta":{"_acf_changed":false},"product_brand":[],"product_cat":[8826,9232],"product_tag":[10899,10958,8706,6253,8737,8758,8566,8718,8406],"class_list":{"0":"post-16083","1":"product","2":"type-product","3":"status-publish","4":"has-post-thumbnail","6":"product_cat-coniferas","7":"product_cat-arboles-y-plantas-del-futuro","8":"product_tag-natural-es","9":"product_tag-3-bolas-superpuestas","10":"product_tag-bola","11":"product_tag-bonsai-es","12":"product_tag-cuarto-de-tallo","13":"product_tag-espiral","14":"product_tag-medio-tallo","15":"product_tag-pompons-es","16":"product_tag-tronco-alto-cilindro","17":"pa_altezza-massima-1000-es-2","18":"pa_altezza-massima-15-metros","19":"pa_condizionamento-clt-es","20":"pa_condizionamento-vs-es","21":"pa_famiglia-cupressaceae-es","22":"pa_genere-cupressus-es","23":"pa_origine-italia-es","24":"pa_portamento-fastigiato-es","25":"pa_resistenza-climatica-muy-elevada","26":"pa_resistenza-del-suolo-resistente-a-los-suelos-secos","27":"pa_utilizzo-parques","29":"first","30":"instock","31":"purchasable","32":"product-type-simple"},"acf":[],"_links":{"self":[{"href":"https:\/\/innocentiemangonipiante.it\/es\/wp-json\/wp\/v2\/product\/16083","targetHints":{"allow":["GET"]}}],"collection":[{"href":"https:\/\/innocentiemangonipiante.it\/es\/wp-json\/wp\/v2\/product"}],"about":[{"href":"https:\/\/innocentiemangonipiante.it\/es\/wp-json\/wp\/v2\/types\/product"}],"wp:featuredmedia":[{"embeddable":true,"href":"https:\/\/innocentiemangonipiante.it\/es\/wp-json\/wp\/v2\/media\/2163"}],"wp:attachment":[{"href":"https:\/\/innocentiemangonipiante.it\/es\/wp-json\/wp\/v2\/media?parent=16083"}],"wp:term":[{"taxonomy":"product_brand","embeddable":true,"href":"https:\/\/innocentiemangonipiante.it\/es\/wp-json\/wp\/v2\/product_brand?post=16083"},{"taxonomy":"product_cat","embeddable":true,"href":"https:\/\/innocentiemangonipiante.it\/es\/wp-json\/wp\/v2\/product_cat?post=16083"},{"taxonomy":"product_tag","embeddable":true,"href":"https:\/\/innocentiemangonipiante.it\/es\/wp-json\/wp\/v2\/product_tag?post=16083"}],"curies":[{"name":"wp","href":"https:\/\/api.w.org\/{rel}","templated":true}]}}