{"id":16095,"date":"2023-11-04T00:38:06","date_gmt":"2023-11-03T23:38:06","guid":{"rendered":"http:\/\/innocentiemangonipiante.it\/davidia-involucrata\/"},"modified":"2023-10-06T12:23:48","modified_gmt":"2023-10-06T10:23:48","slug":"davidia-involucrata","status":"publish","type":"product","link":"https:\/\/innocentiemangonipiante.it\/es\/davidia-involucrata\/","title":{"rendered":"DAVIDIA involucrata"},"content":{"rendered":"<p>\u00c1rbol c\u00f3nico con hojas muy ovaladas, muy puntiagudas, dentadas, largas hasta 16 cm de color verde oscuro. En el per\u00edodo tard\u00edo primaveril, en los individuos adultos, produce flores compuestas por grandes bracteas foliares de color blanco.<\/p>\n","protected":false},"excerpt":{"rendered":"<p>\u00c1rbol c\u00f3nico con hojas muy ovaladas, muy puntiagudas, dentadas, largas hasta 16 cm de color verde oscuro. En el per\u00edodo tard\u00edo primaveril, en los individuos adultos, produce flores compuestas por grandes bracteas foliares de color blanco.<\/p>\n","protected":false},"featured_media":2273,"template":"","meta":{"_acf_changed":false},"product_brand":[],"product_cat":[8814],"product_tag":[10899,8402],"class_list":{"0":"post-16095","1":"product","2":"type-product","3":"status-publish","4":"has-post-thumbnail","6":"product_cat-arboles-y-arbustos-de-hoja-caduca","7":"product_tag-natural-es","8":"product_tag-tallo-alto","9":"pa_altezza-massima-800-es","10":"pa_altezza-massima-1000-es-2","11":"pa_colore-fioritura-blanco","12":"pa_condizionamento-clt-es","13":"pa_famiglia-davidiaceae-es-2","14":"pa_genere-davidia-es","15":"pa_origine-asia-oriental","16":"pa_periodo-fioritura-mayo","17":"pa_portamento-piramidale-es","18":"pa_resistenza-climatica-media-elevada","19":"pa_resistenza-del-suolo-resistente-a-los-suelos-secos","20":"pa_salinita-resistente-alla-salsedine-es","21":"pa_utilizzo-parques","23":"first","24":"instock","25":"purchasable","26":"product-type-simple"},"acf":[],"_links":{"self":[{"href":"https:\/\/innocentiemangonipiante.it\/es\/wp-json\/wp\/v2\/product\/16095","targetHints":{"allow":["GET"]}}],"collection":[{"href":"https:\/\/innocentiemangonipiante.it\/es\/wp-json\/wp\/v2\/product"}],"about":[{"href":"https:\/\/innocentiemangonipiante.it\/es\/wp-json\/wp\/v2\/types\/product"}],"wp:featuredmedia":[{"embeddable":true,"href":"https:\/\/innocentiemangonipiante.it\/es\/wp-json\/wp\/v2\/media\/2273"}],"wp:attachment":[{"href":"https:\/\/innocentiemangonipiante.it\/es\/wp-json\/wp\/v2\/media?parent=16095"}],"wp:term":[{"taxonomy":"product_brand","embeddable":true,"href":"https:\/\/innocentiemangonipiante.it\/es\/wp-json\/wp\/v2\/product_brand?post=16095"},{"taxonomy":"product_cat","embeddable":true,"href":"https:\/\/innocentiemangonipiante.it\/es\/wp-json\/wp\/v2\/product_cat?post=16095"},{"taxonomy":"product_tag","embeddable":true,"href":"https:\/\/innocentiemangonipiante.it\/es\/wp-json\/wp\/v2\/product_tag?post=16095"}],"curies":[{"name":"wp","href":"https:\/\/api.w.org\/{rel}","templated":true}]}}