{"id":16100,"date":"2023-11-04T00:42:57","date_gmt":"2023-11-03T23:42:57","guid":{"rendered":"http:\/\/innocentiemangonipiante.it\/elaeagnus-pungens-maculata\/"},"modified":"2023-10-06T12:25:10","modified_gmt":"2023-10-06T10:25:10","slug":"elaeagnus-pungens-maculata","status":"publish","type":"product","link":"https:\/\/innocentiemangonipiante.it\/es\/elaeagnus-pungens-maculata\/","title":{"rendered":"ELAEAGNUS pungens &#8216;Maculata&#8217;"},"content":{"rendered":"<p>Arbusto perennifolio, denso, ligeramente espinoso, con j\u00f3venes ramificaciones recubiertas de escamas color \u00f3xido. Las hojas oblongas, de color verde oscuro tienen a menudo el margen ondulado. El env\u00e9s est\u00e1 difuminado de blanco y marr\u00f3n a escamas. Las hojas est\u00e1n manchadas en el centro de amarillo oro.<\/p>\n","protected":false},"excerpt":{"rendered":"<p>Arbusto perennifolio, denso, ligeramente espinoso, con j\u00f3venes ramificaciones recubiertas de escamas color \u00f3xido. Las hojas oblongas, de color verde oscuro tienen a menudo el margen ondulado. El env\u00e9s est\u00e1 difuminado de blanco y marr\u00f3n a escamas. Las hojas est\u00e1n manchadas en el centro de amarillo oro.<\/p>\n","protected":false},"featured_media":2310,"template":"","meta":{"_acf_changed":false},"product_brand":[],"product_cat":[8815],"product_tag":[10899],"class_list":{"0":"post-16100","1":"product","2":"type-product","3":"status-publish","4":"has-post-thumbnail","6":"product_cat-arboles-y-arbustos-persistentes","7":"product_tag-natural-es","8":"pa_altezza-massima-300-es","9":"pa_altezza-massima-400-es","10":"pa_colore-delle-foglie-variegadas","11":"pa_colore-fioritura-blanco","12":"pa_condizionamento-clt-es","13":"pa_famiglia-eleagnaceae-es","14":"pa_genere-elaeagnus-es","15":"pa_inquinamento-resistente-al-smog","16":"pa_origine-asia-oriental","17":"pa_periodo-fioritura-noviembre","18":"pa_periodo-fioritura-octubre","19":"pa_periodo-fioritura-septiembre","20":"pa_portamento-arrotondato-es","21":"pa_profumo-intenso-es","22":"pa_resistenza-climatica-media-elevada","23":"pa_resistenza-del-suolo-resistente-a-los-suelos-calcareos","24":"pa_resistenza-del-suolo-resistente-a-los-suelos-secos","25":"pa_salinita-resistente-alla-salsedine-es","26":"pa_utilizzo-parques","27":"pa_utilizzo-pequenos-jardines","29":"first","30":"instock","31":"purchasable","32":"product-type-simple"},"acf":[],"_links":{"self":[{"href":"https:\/\/innocentiemangonipiante.it\/es\/wp-json\/wp\/v2\/product\/16100","targetHints":{"allow":["GET"]}}],"collection":[{"href":"https:\/\/innocentiemangonipiante.it\/es\/wp-json\/wp\/v2\/product"}],"about":[{"href":"https:\/\/innocentiemangonipiante.it\/es\/wp-json\/wp\/v2\/types\/product"}],"wp:featuredmedia":[{"embeddable":true,"href":"https:\/\/innocentiemangonipiante.it\/es\/wp-json\/wp\/v2\/media\/2310"}],"wp:attachment":[{"href":"https:\/\/innocentiemangonipiante.it\/es\/wp-json\/wp\/v2\/media?parent=16100"}],"wp:term":[{"taxonomy":"product_brand","embeddable":true,"href":"https:\/\/innocentiemangonipiante.it\/es\/wp-json\/wp\/v2\/product_brand?post=16100"},{"taxonomy":"product_cat","embeddable":true,"href":"https:\/\/innocentiemangonipiante.it\/es\/wp-json\/wp\/v2\/product_cat?post=16100"},{"taxonomy":"product_tag","embeddable":true,"href":"https:\/\/innocentiemangonipiante.it\/es\/wp-json\/wp\/v2\/product_tag?post=16100"}],"curies":[{"name":"wp","href":"https:\/\/api.w.org\/{rel}","templated":true}]}}