{"id":16107,"date":"2023-11-04T00:43:04","date_gmt":"2023-11-03T23:43:04","guid":{"rendered":"http:\/\/innocentiemangonipiante.it\/elaeagnus-x-ebbingei\/"},"modified":"2023-10-06T12:25:11","modified_gmt":"2023-10-06T10:25:11","slug":"elaeagnus-x-ebbingei","status":"publish","type":"product","link":"https:\/\/innocentiemangonipiante.it\/es\/elaeagnus-x-ebbingei\/","title":{"rendered":"ELAEAGNUS x ebbingei"},"content":{"rendered":"<p>Arbusto perennifolio, de redondeado a extendido, con hojas el\u00edpticas, cori\u00e1ceas, de hasta 10 cm de largo, de color verde mar y plateadas en el env\u00e9s. Al inicio del oto\u00f1o produce flores muy perfumadas de color blanco crema.<\/p>\n","protected":false},"excerpt":{"rendered":"<p>Arbusto perennifolio, de redondeado a extendido, con hojas el\u00edpticas, cori\u00e1ceas, de hasta 10 cm de largo, de color verde mar y plateadas en el env\u00e9s. Al inicio del oto\u00f1o produce flores muy perfumadas de color blanco crema.<\/p>\n","protected":false},"featured_media":2320,"template":"","meta":{"_acf_changed":false},"product_brand":[],"product_cat":[8815,9232],"product_tag":[10899,8752,8706,8582,8494,8566,8402,8426],"class_list":{"0":"post-16107","1":"product","2":"type-product","3":"status-publish","4":"has-post-thumbnail","6":"product_cat-arboles-y-arbustos-persistentes","7":"product_cat-arboles-y-plantas-del-futuro","8":"product_tag-natural-es","9":"product_tag-atras","10":"product_tag-bola","11":"product_tag-espaldera-de-medio-tallo","12":"product_tag-jardinera","13":"product_tag-medio-tallo","14":"product_tag-tallo-alto","15":"product_tag-tronco-alto-espaldera","16":"pa_altezza-massima-400-es","17":"pa_altezza-massima-600-es","18":"pa_colore-fioritura-blanco","19":"pa_condizionamento-clt-es","20":"pa_condizionamento-florero-cuadrado","21":"pa_condizionamento-vs-es","22":"pa_famiglia-eleagnaceae-es","23":"pa_genere-elaeagnus-es","24":"pa_origine-holanda","25":"pa_periodo-fioritura-octubre","26":"pa_portamento-arrotondato-es","27":"pa_profumo-intenso-es","28":"pa_resistenza-climatica-muy-elevada","29":"pa_resistenza-del-suolo-resistente-a-los-suelos-calcareos","30":"pa_resistenza-del-suolo-resistente-a-los-suelos-secos","31":"pa_salinita-resistente-alla-salsedine-es","32":"pa_utilizzo-parques","33":"pa_utilizzo-pequenos-jardines","35":"first","36":"instock","37":"purchasable","38":"product-type-simple"},"acf":[],"_links":{"self":[{"href":"https:\/\/innocentiemangonipiante.it\/es\/wp-json\/wp\/v2\/product\/16107","targetHints":{"allow":["GET"]}}],"collection":[{"href":"https:\/\/innocentiemangonipiante.it\/es\/wp-json\/wp\/v2\/product"}],"about":[{"href":"https:\/\/innocentiemangonipiante.it\/es\/wp-json\/wp\/v2\/types\/product"}],"wp:featuredmedia":[{"embeddable":true,"href":"https:\/\/innocentiemangonipiante.it\/es\/wp-json\/wp\/v2\/media\/2320"}],"wp:attachment":[{"href":"https:\/\/innocentiemangonipiante.it\/es\/wp-json\/wp\/v2\/media?parent=16107"}],"wp:term":[{"taxonomy":"product_brand","embeddable":true,"href":"https:\/\/innocentiemangonipiante.it\/es\/wp-json\/wp\/v2\/product_brand?post=16107"},{"taxonomy":"product_cat","embeddable":true,"href":"https:\/\/innocentiemangonipiante.it\/es\/wp-json\/wp\/v2\/product_cat?post=16107"},{"taxonomy":"product_tag","embeddable":true,"href":"https:\/\/innocentiemangonipiante.it\/es\/wp-json\/wp\/v2\/product_tag?post=16107"}],"curies":[{"name":"wp","href":"https:\/\/api.w.org\/{rel}","templated":true}]}}