{"id":16109,"date":"2023-11-04T00:42:43","date_gmt":"2023-11-03T23:42:43","guid":{"rendered":"http:\/\/innocentiemangonipiante.it\/elaeagnus-angustifolia\/"},"modified":"2023-10-06T12:25:06","modified_gmt":"2023-10-06T10:25:06","slug":"elaeagnus-angustifolia","status":"publish","type":"product","link":"https:\/\/innocentiemangonipiante.it\/es\/elaeagnus-angustifolia\/","title":{"rendered":"ELAEAGNUS angustifolia"},"content":{"rendered":"<p>\u00c1rbol peque\u00f1o caduco de porte extendido. Espinoso. La ramificaci\u00f3n, recubierta de una corteza marr\u00f3n con matices rojizos, es lisa. Las hojas, parecidas a las del sauce, son lanceoladas, de hasta 10 cm de largo, de color verde y plateadas en el env\u00e9s.<\/p>\n","protected":false},"excerpt":{"rendered":"<p>\u00c1rbol peque\u00f1o caduco de porte extendido. Espinoso. La ramificaci\u00f3n, recubierta de una corteza marr\u00f3n con matices rojizos, es lisa. Las hojas, parecidas a las del sauce, son lanceoladas, de hasta 10 cm de largo, de color verde y plateadas en el env\u00e9s.<\/p>\n","protected":false},"featured_media":2307,"template":"","meta":{"_acf_changed":false},"product_brand":[],"product_cat":[8815,9232],"product_tag":[10899,8402],"class_list":{"0":"post-16109","1":"product","2":"type-product","3":"status-publish","4":"has-post-thumbnail","6":"product_cat-arboles-y-arbustos-persistentes","7":"product_cat-arboles-y-plantas-del-futuro","8":"product_tag-natural-es","9":"product_tag-tallo-alto","10":"pa_altezza-massima-400-es","11":"pa_altezza-massima-600-es","12":"pa_colore-fioritura-blanco","13":"pa_condizionamento-clt-es","14":"pa_condizionamento-placa","15":"pa_famiglia-eleagnaceae-es","16":"pa_genere-elaeagnus-es","17":"pa_inquinamento-resistente-al-smog","18":"pa_origine-europa-mediterranea","19":"pa_periodo-fioritura-noviembre","20":"pa_periodo-fioritura-octubre","21":"pa_portamento-arrotondato-es","22":"pa_resistenza-climatica-muy-elevada","23":"pa_resistenza-del-suolo-resistente-a-la-humedad","24":"pa_resistenza-del-suolo-resistente-a-los-suelos-calcareos","25":"pa_resistenza-del-suolo-resistente-a-los-suelos-secos","26":"pa_salinita-resistente-alla-salsedine-es","27":"pa_utilizzo-parques","28":"pa_utilizzo-pequenos-jardines","30":"first","31":"instock","32":"purchasable","33":"product-type-simple"},"acf":[],"_links":{"self":[{"href":"https:\/\/innocentiemangonipiante.it\/es\/wp-json\/wp\/v2\/product\/16109","targetHints":{"allow":["GET"]}}],"collection":[{"href":"https:\/\/innocentiemangonipiante.it\/es\/wp-json\/wp\/v2\/product"}],"about":[{"href":"https:\/\/innocentiemangonipiante.it\/es\/wp-json\/wp\/v2\/types\/product"}],"wp:featuredmedia":[{"embeddable":true,"href":"https:\/\/innocentiemangonipiante.it\/es\/wp-json\/wp\/v2\/media\/2307"}],"wp:attachment":[{"href":"https:\/\/innocentiemangonipiante.it\/es\/wp-json\/wp\/v2\/media?parent=16109"}],"wp:term":[{"taxonomy":"product_brand","embeddable":true,"href":"https:\/\/innocentiemangonipiante.it\/es\/wp-json\/wp\/v2\/product_brand?post=16109"},{"taxonomy":"product_cat","embeddable":true,"href":"https:\/\/innocentiemangonipiante.it\/es\/wp-json\/wp\/v2\/product_cat?post=16109"},{"taxonomy":"product_tag","embeddable":true,"href":"https:\/\/innocentiemangonipiante.it\/es\/wp-json\/wp\/v2\/product_tag?post=16109"}],"curies":[{"name":"wp","href":"https:\/\/api.w.org\/{rel}","templated":true}]}}