{"id":16110,"date":"2023-11-04T00:44:37","date_gmt":"2023-11-03T23:44:37","guid":{"rendered":"http:\/\/innocentiemangonipiante.it\/erica-in-varieta\/"},"modified":"2023-10-06T12:25:47","modified_gmt":"2023-10-06T10:25:47","slug":"erica-in-varieta","status":"publish","type":"product","link":"https:\/\/innocentiemangonipiante.it\/es\/erica-in-varieta\/","title":{"rendered":"ERICA in variet\u00e0"},"content":{"rendered":"<p>Arbustos perennes, originarios de Sud\u00e1frica, muy r\u00fasticos, no muy grandes en tama\u00f1o, de porte matoso. Forma numerosos tallos cubiertos con hojas finas aciformes que al final del oto\u00f1o se cubren con peque\u00f1as flores en forma de campana que pueden variar de color seg\u00fan la especie y variedad, numerosas que hacen la mirada de la planta como una nube pintada.<\/p>\n","protected":false},"excerpt":{"rendered":"<p>Arbustos perennes, originarios de Sud\u00e1frica, muy r\u00fasticos, no muy grandes en tama\u00f1o, de porte matoso. Forma numerosos tallos cubiertos con hojas finas aciformes que al final del oto\u00f1o se cubren con peque\u00f1as flores en forma de campana que pueden variar de color seg\u00fan la especie y variedad, numerosas que hacen la mirada de la planta [&hellip;]<\/p>\n","protected":false},"featured_media":2348,"template":"","meta":{"_acf_changed":false},"product_brand":[],"product_cat":[8815],"product_tag":[10899],"class_list":{"0":"post-16110","1":"product","2":"type-product","3":"status-publish","4":"has-post-thumbnail","6":"product_cat-arboles-y-arbustos-persistentes","7":"product_tag-natural-es","8":"pa_altezza-massima-0_50-metros","9":"pa_altezza-massima-0_75-metros","10":"pa_colore-fioritura-rosado","11":"pa_condizionamento-clt-es","12":"pa_famiglia-ericaceae-es","13":"pa_genere-erica-es","14":"pa_origine-surafrica","15":"pa_periodo-fioritura-abril","16":"pa_periodo-fioritura-febrero","17":"pa_periodo-fioritura-marzo-es","18":"pa_periodo-fioritura-mayo","19":"pa_portamento-cespuglioso-es","20":"pa_resistenza-climatica-muy-elevada","21":"pa_utilizzo-balcones","22":"pa_utilizzo-borduras","23":"pa_utilizzo-pequenos-jardines","25":"first","26":"instock","27":"purchasable","28":"product-type-simple"},"acf":[],"_links":{"self":[{"href":"https:\/\/innocentiemangonipiante.it\/es\/wp-json\/wp\/v2\/product\/16110","targetHints":{"allow":["GET"]}}],"collection":[{"href":"https:\/\/innocentiemangonipiante.it\/es\/wp-json\/wp\/v2\/product"}],"about":[{"href":"https:\/\/innocentiemangonipiante.it\/es\/wp-json\/wp\/v2\/types\/product"}],"wp:featuredmedia":[{"embeddable":true,"href":"https:\/\/innocentiemangonipiante.it\/es\/wp-json\/wp\/v2\/media\/2348"}],"wp:attachment":[{"href":"https:\/\/innocentiemangonipiante.it\/es\/wp-json\/wp\/v2\/media?parent=16110"}],"wp:term":[{"taxonomy":"product_brand","embeddable":true,"href":"https:\/\/innocentiemangonipiante.it\/es\/wp-json\/wp\/v2\/product_brand?post=16110"},{"taxonomy":"product_cat","embeddable":true,"href":"https:\/\/innocentiemangonipiante.it\/es\/wp-json\/wp\/v2\/product_cat?post=16110"},{"taxonomy":"product_tag","embeddable":true,"href":"https:\/\/innocentiemangonipiante.it\/es\/wp-json\/wp\/v2\/product_tag?post=16110"}],"curies":[{"name":"wp","href":"https:\/\/api.w.org\/{rel}","templated":true}]}}