{"id":16112,"date":"2023-11-04T00:44:51","date_gmt":"2023-11-03T23:44:51","guid":{"rendered":"http:\/\/innocentiemangonipiante.it\/eriobotrya-coppertone\/"},"modified":"2023-10-06T12:25:50","modified_gmt":"2023-10-06T10:25:50","slug":"eriobotrya-coppertone","status":"publish","type":"product","link":"https:\/\/innocentiemangonipiante.it\/es\/eriobotrya-coppertone\/","title":{"rendered":"ERIOBOTRYA &#8216;Coppertone&#8217; \u00ae"},"content":{"rendered":"<p>Variedad de obtenimiento reciente. Arbusto perenne de porte similar a aquello del Raphyolepsis. Las hojas, de ovales a oblongas, con las bordes ligeramente dentadas son de color verde oscuro en el env\u00e9s superior, bronzeadas debajo. Al empezar de primavera, peque\u00f1as flores simples florecen en grupos peque\u00f1os de 5 p\u00e9talos de color rosa.<\/p>\n","protected":false},"excerpt":{"rendered":"<p>Variedad de obtenimiento reciente. Arbusto perenne de porte similar a aquello del Raphyolepsis. Las hojas, de ovales a oblongas, con las bordes ligeramente dentadas son de color verde oscuro en el env\u00e9s superior, bronzeadas debajo. Al empezar de primavera, peque\u00f1as flores simples florecen en grupos peque\u00f1os de 5 p\u00e9talos de color rosa.<\/p>\n","protected":false},"featured_media":2358,"template":"","meta":{"_acf_changed":false},"product_brand":[],"product_cat":[8815,9232],"product_tag":[10899,8566],"class_list":{"0":"post-16112","1":"product","2":"type-product","3":"status-publish","4":"has-post-thumbnail","6":"product_cat-arboles-y-arbustos-persistentes","7":"product_cat-arboles-y-plantas-del-futuro","8":"product_tag-natural-es","9":"product_tag-medio-tallo","10":"pa_altezza-massima-200-es","11":"pa_altezza-massima-300-es","12":"pa_colore-delle-foglie-variegadas","13":"pa_colore-fioritura-rosado","14":"pa_condizionamento-clt-es","15":"pa_condizionamento-vs-es","16":"pa_famiglia-rosaceae-es","17":"pa_genere-eriobotrya-es","18":"pa_origine-origine-delle-piante-u-s-a-es","19":"pa_periodo-fioritura-marzo-es","20":"pa_portamento-arrotondato-es","21":"pa_profumo-intenso-es","22":"pa_resistenza-climatica-media-elevada","23":"pa_resistenza-del-suolo-resistente-a-los-suelos-calcareos","24":"pa_resistenza-del-suolo-resistente-a-los-suelos-secos","25":"pa_utilizzo-parques","26":"pa_utilizzo-pequenos-jardines","28":"first","29":"instock","30":"purchasable","31":"product-type-simple"},"acf":[],"_links":{"self":[{"href":"https:\/\/innocentiemangonipiante.it\/es\/wp-json\/wp\/v2\/product\/16112","targetHints":{"allow":["GET"]}}],"collection":[{"href":"https:\/\/innocentiemangonipiante.it\/es\/wp-json\/wp\/v2\/product"}],"about":[{"href":"https:\/\/innocentiemangonipiante.it\/es\/wp-json\/wp\/v2\/types\/product"}],"wp:featuredmedia":[{"embeddable":true,"href":"https:\/\/innocentiemangonipiante.it\/es\/wp-json\/wp\/v2\/media\/2358"}],"wp:attachment":[{"href":"https:\/\/innocentiemangonipiante.it\/es\/wp-json\/wp\/v2\/media?parent=16112"}],"wp:term":[{"taxonomy":"product_brand","embeddable":true,"href":"https:\/\/innocentiemangonipiante.it\/es\/wp-json\/wp\/v2\/product_brand?post=16112"},{"taxonomy":"product_cat","embeddable":true,"href":"https:\/\/innocentiemangonipiante.it\/es\/wp-json\/wp\/v2\/product_cat?post=16112"},{"taxonomy":"product_tag","embeddable":true,"href":"https:\/\/innocentiemangonipiante.it\/es\/wp-json\/wp\/v2\/product_tag?post=16112"}],"curies":[{"name":"wp","href":"https:\/\/api.w.org\/{rel}","templated":true}]}}