{"id":16130,"date":"2023-11-04T00:47:45","date_gmt":"2023-11-03T23:47:45","guid":{"rendered":"http:\/\/innocentiemangonipiante.it\/euodia-daniellii\/"},"modified":"2023-10-06T12:26:21","modified_gmt":"2023-10-06T10:26:21","slug":"euodia-daniellii","status":"publish","type":"product","link":"https:\/\/innocentiemangonipiante.it\/es\/euodia-daniellii\/","title":{"rendered":"EUODIA daniellii"},"content":{"rendered":"<p>\u00c1rbol caduco de crecimiento r\u00e1pido y porte extendido. Hojas brillantes verde oscuro, amarillo en oto\u00f1o. En verano produce abundantes racimos de flores blancas perfumadas (\u00fatiles para producir miel) . Coloraci\u00f3n oto\u00f1al. Muy resistente a climas secos.<\/p>\n","protected":false},"excerpt":{"rendered":"<p>\u00c1rbol caduco de crecimiento r\u00e1pido y porte extendido. Hojas brillantes verde oscuro, amarillo en oto\u00f1o. En verano produce abundantes racimos de flores blancas perfumadas (\u00fatiles para producir miel) . Coloraci\u00f3n oto\u00f1al. Muy resistente a climas secos.<\/p>\n","protected":false},"featured_media":2457,"template":"","meta":{"_acf_changed":false},"product_brand":[],"product_cat":[8814,9232],"product_tag":[10899,8598,8402],"class_list":{"0":"post-16130","1":"product","2":"type-product","3":"status-publish","4":"has-post-thumbnail","6":"product_cat-arboles-y-arbustos-de-hoja-caduca","7":"product_cat-arboles-y-plantas-del-futuro","8":"product_tag-natural-es","9":"product_tag-multitronco-es-2","10":"product_tag-tallo-alto","11":"pa_altezza-massima-1000-es-2","12":"pa_altezza-massima-15-metros","13":"pa_colore-fioritura-blanco","14":"pa_condizionamento-clt-es","15":"pa_condizionamento-placa","16":"pa_condizionamento-vs-es","17":"pa_famiglia-rutaceae-es-2","18":"pa_genere-euodia-es","19":"pa_inquinamento-resistente-al-smog","20":"pa_origine-cina","21":"pa_periodo-fioritura-agosto-es","22":"pa_periodo-fioritura-julio","23":"pa_periodo-fioritura-junio","24":"pa_portamento-allargato-es","25":"pa_profumo-intenso-es","26":"pa_resistenza-climatica-muy-elevada","27":"pa_resistenza-del-suolo-resistente-a-los-suelos-calcareos","28":"pa_resistenza-del-suolo-resistente-a-los-suelos-pobres","29":"pa_salinita-resistente-alla-salsedine-es","30":"pa_utilizzo-parques","32":"first","33":"instock","34":"purchasable","35":"product-type-simple"},"acf":[],"_links":{"self":[{"href":"https:\/\/innocentiemangonipiante.it\/es\/wp-json\/wp\/v2\/product\/16130","targetHints":{"allow":["GET"]}}],"collection":[{"href":"https:\/\/innocentiemangonipiante.it\/es\/wp-json\/wp\/v2\/product"}],"about":[{"href":"https:\/\/innocentiemangonipiante.it\/es\/wp-json\/wp\/v2\/types\/product"}],"wp:featuredmedia":[{"embeddable":true,"href":"https:\/\/innocentiemangonipiante.it\/es\/wp-json\/wp\/v2\/media\/2457"}],"wp:attachment":[{"href":"https:\/\/innocentiemangonipiante.it\/es\/wp-json\/wp\/v2\/media?parent=16130"}],"wp:term":[{"taxonomy":"product_brand","embeddable":true,"href":"https:\/\/innocentiemangonipiante.it\/es\/wp-json\/wp\/v2\/product_brand?post=16130"},{"taxonomy":"product_cat","embeddable":true,"href":"https:\/\/innocentiemangonipiante.it\/es\/wp-json\/wp\/v2\/product_cat?post=16130"},{"taxonomy":"product_tag","embeddable":true,"href":"https:\/\/innocentiemangonipiante.it\/es\/wp-json\/wp\/v2\/product_tag?post=16130"}],"curies":[{"name":"wp","href":"https:\/\/api.w.org\/{rel}","templated":true}]}}