{"id":16147,"date":"2023-11-04T00:51:51","date_gmt":"2023-11-03T23:51:51","guid":{"rendered":"http:\/\/innocentiemangonipiante.it\/exochorda-racemosa-niagara\/"},"modified":"2023-10-06T12:27:27","modified_gmt":"2023-10-06T10:27:27","slug":"exochorda-racemosa-niagara","status":"publish","type":"product","link":"https:\/\/innocentiemangonipiante.it\/es\/exochorda-racemosa-niagara\/","title":{"rendered":"EXOCHORDA racemosa &#8216;Niagara&#8217; \u00ae"},"content":{"rendered":"<p>Peque\u00f1o arbusto compacto y muy flor\u00edfero.Hojas verdes con reflejos azulados. Flores blancas en primavera. Muy r\u00fastico.<\/p>\n","protected":false},"excerpt":{"rendered":"<p>Peque\u00f1o arbusto compacto y muy flor\u00edfero.Hojas verdes con reflejos azulados. Flores blancas en primavera. Muy r\u00fastico.<\/p>\n","protected":false},"featured_media":2551,"template":"","meta":{"_acf_changed":false},"product_brand":[],"product_cat":[8814],"product_tag":[10899],"class_list":{"0":"post-16147","1":"product","2":"type-product","3":"status-publish","4":"has-post-thumbnail","6":"product_cat-arboles-y-arbustos-de-hoja-caduca","7":"product_tag-natural-es","8":"pa_altezza-massima-100-es","9":"pa_altezza-massima-150-es","10":"pa_colore-fioritura-blanco","11":"pa_condizionamento-clt-es","12":"pa_famiglia-rosaceae-es","13":"pa_genere-exochorda-es","14":"pa_origine-francia","15":"pa_periodo-fioritura-abril","16":"pa_periodo-fioritura-mayo","17":"pa_portamento-arrotondato-es","18":"pa_resistenza-climatica-media-elevada","19":"pa_utilizzo-balcones","20":"pa_utilizzo-pequenos-jardines","22":"first","23":"instock","24":"purchasable","25":"product-type-simple"},"acf":[],"_links":{"self":[{"href":"https:\/\/innocentiemangonipiante.it\/es\/wp-json\/wp\/v2\/product\/16147","targetHints":{"allow":["GET"]}}],"collection":[{"href":"https:\/\/innocentiemangonipiante.it\/es\/wp-json\/wp\/v2\/product"}],"about":[{"href":"https:\/\/innocentiemangonipiante.it\/es\/wp-json\/wp\/v2\/types\/product"}],"wp:featuredmedia":[{"embeddable":true,"href":"https:\/\/innocentiemangonipiante.it\/es\/wp-json\/wp\/v2\/media\/2551"}],"wp:attachment":[{"href":"https:\/\/innocentiemangonipiante.it\/es\/wp-json\/wp\/v2\/media?parent=16147"}],"wp:term":[{"taxonomy":"product_brand","embeddable":true,"href":"https:\/\/innocentiemangonipiante.it\/es\/wp-json\/wp\/v2\/product_brand?post=16147"},{"taxonomy":"product_cat","embeddable":true,"href":"https:\/\/innocentiemangonipiante.it\/es\/wp-json\/wp\/v2\/product_cat?post=16147"},{"taxonomy":"product_tag","embeddable":true,"href":"https:\/\/innocentiemangonipiante.it\/es\/wp-json\/wp\/v2\/product_tag?post=16147"}],"curies":[{"name":"wp","href":"https:\/\/api.w.org\/{rel}","templated":true}]}}