{"id":16163,"date":"2023-11-04T00:52:05","date_gmt":"2023-11-03T23:52:05","guid":{"rendered":"http:\/\/innocentiemangonipiante.it\/fagus-sylvatica\/"},"modified":"2023-10-06T12:27:30","modified_gmt":"2023-10-06T10:27:30","slug":"fagus-sylvatica","status":"publish","type":"product","link":"https:\/\/innocentiemangonipiante.it\/es\/fagus-sylvatica\/","title":{"rendered":"FAGUS sylvatica"},"content":{"rendered":"<p>Grande \u00e1rbol caduco de porte extendido. Las hojas el\u00edpticas-ovadas, de m\u00e1rgenes ondulados, largos hasta cm 10, de verde a marr\u00f3n en oto\u00f1o. Corteza lisa, plateada. Soporta muy bien los terrenos m\u00e1s pobres o ricos de caliza.<\/p>\n","protected":false},"excerpt":{"rendered":"<p>Grande \u00e1rbol caduco de porte extendido. Las hojas el\u00edpticas-ovadas, de m\u00e1rgenes ondulados, largos hasta cm 10, de verde a marr\u00f3n en oto\u00f1o. Corteza lisa, plateada. Soporta muy bien los terrenos m\u00e1s pobres o ricos de caliza.<\/p>\n","protected":false},"featured_media":2563,"template":"","meta":{"_acf_changed":false},"product_brand":[],"product_cat":[8814],"product_tag":[10899,10903,8402],"class_list":{"0":"post-16163","1":"product","2":"type-product","3":"status-publish","4":"has-post-thumbnail","6":"product_cat-arboles-y-arbustos-de-hoja-caduca","7":"product_tag-natural-es","8":"product_tag-recepado","9":"product_tag-tallo-alto","10":"pa_altezza-massima-20-metros","11":"pa_altezza-massima-30-metros","12":"pa_condizionamento-clt-es","13":"pa_condizionamento-placa","14":"pa_famiglia-fagaceae-es","15":"pa_genere-fagus-es","16":"pa_inquinamento-resistente-al-smog","17":"pa_origine-europa-central","18":"pa_portamento-piramidale-es","19":"pa_resistenza-climatica-muy-elevada","20":"pa_resistenza-del-suolo-resistente-a-los-suelos-calcareos","21":"pa_utilizzo-avenidas","22":"pa_utilizzo-parques","24":"first","25":"instock","26":"purchasable","27":"product-type-simple"},"acf":[],"_links":{"self":[{"href":"https:\/\/innocentiemangonipiante.it\/es\/wp-json\/wp\/v2\/product\/16163","targetHints":{"allow":["GET"]}}],"collection":[{"href":"https:\/\/innocentiemangonipiante.it\/es\/wp-json\/wp\/v2\/product"}],"about":[{"href":"https:\/\/innocentiemangonipiante.it\/es\/wp-json\/wp\/v2\/types\/product"}],"wp:featuredmedia":[{"embeddable":true,"href":"https:\/\/innocentiemangonipiante.it\/es\/wp-json\/wp\/v2\/media\/2563"}],"wp:attachment":[{"href":"https:\/\/innocentiemangonipiante.it\/es\/wp-json\/wp\/v2\/media?parent=16163"}],"wp:term":[{"taxonomy":"product_brand","embeddable":true,"href":"https:\/\/innocentiemangonipiante.it\/es\/wp-json\/wp\/v2\/product_brand?post=16163"},{"taxonomy":"product_cat","embeddable":true,"href":"https:\/\/innocentiemangonipiante.it\/es\/wp-json\/wp\/v2\/product_cat?post=16163"},{"taxonomy":"product_tag","embeddable":true,"href":"https:\/\/innocentiemangonipiante.it\/es\/wp-json\/wp\/v2\/product_tag?post=16163"}],"curies":[{"name":"wp","href":"https:\/\/api.w.org\/{rel}","templated":true}]}}