{"id":16165,"date":"2023-11-04T00:53:34","date_gmt":"2023-11-03T23:53:34","guid":{"rendered":"http:\/\/innocentiemangonipiante.it\/fatsia-japonica\/"},"modified":"2023-10-06T12:27:50","modified_gmt":"2023-10-06T10:27:50","slug":"fatsia-japonica","status":"publish","type":"product","link":"https:\/\/innocentiemangonipiante.it\/es\/fatsia-japonica\/","title":{"rendered":"FATSIA japonica"},"content":{"rendered":"<p>Arbusto perenne de porte extendido, redondeado, con grandes hojas de 7-11 l\u00f3bulos, dentadas, de color verde oscuro de 15-40 cm de largo, cuyos tallos arcuados son de color amarillo-verde claro. En oto\u00f1o produce flores de color blanco, a continuaci\u00f3n frutos negros esf\u00e9ricos.<\/p>\n","protected":false},"excerpt":{"rendered":"<p>Arbusto perenne de porte extendido, redondeado, con grandes hojas de 7-11 l\u00f3bulos, dentadas, de color verde oscuro de 15-40 cm de largo, cuyos tallos arcuados son de color amarillo-verde claro. En oto\u00f1o produce flores de color blanco, a continuaci\u00f3n frutos negros esf\u00e9ricos.<\/p>\n","protected":false},"featured_media":2603,"template":"","meta":{"_acf_changed":false},"product_brand":[],"product_cat":[8815],"product_tag":[10899],"class_list":{"0":"post-16165","1":"product","2":"type-product","3":"status-publish","4":"has-post-thumbnail","6":"product_cat-arboles-y-arbustos-persistentes","7":"product_tag-natural-es","8":"pa_altezza-massima-300-es","9":"pa_altezza-massima-400-es","10":"pa_colore-fioritura-blanco","11":"pa_condizionamento-clt-es","12":"pa_condizionamento-vs-es","13":"pa_famiglia-araliaceae-es","14":"pa_genere-fatsia-es","15":"pa_origine-asia-oriental","16":"pa_periodo-fioritura-noviembre","17":"pa_periodo-fioritura-octubre","18":"pa_portamento-arrotondato-es","19":"pa_resistenza-climatica-media-elevada","20":"pa_utilizzo-parques","21":"pa_utilizzo-pequenos-jardines","23":"first","24":"instock","25":"purchasable","26":"product-type-simple"},"acf":[],"_links":{"self":[{"href":"https:\/\/innocentiemangonipiante.it\/es\/wp-json\/wp\/v2\/product\/16165","targetHints":{"allow":["GET"]}}],"collection":[{"href":"https:\/\/innocentiemangonipiante.it\/es\/wp-json\/wp\/v2\/product"}],"about":[{"href":"https:\/\/innocentiemangonipiante.it\/es\/wp-json\/wp\/v2\/types\/product"}],"wp:featuredmedia":[{"embeddable":true,"href":"https:\/\/innocentiemangonipiante.it\/es\/wp-json\/wp\/v2\/media\/2603"}],"wp:attachment":[{"href":"https:\/\/innocentiemangonipiante.it\/es\/wp-json\/wp\/v2\/media?parent=16165"}],"wp:term":[{"taxonomy":"product_brand","embeddable":true,"href":"https:\/\/innocentiemangonipiante.it\/es\/wp-json\/wp\/v2\/product_brand?post=16165"},{"taxonomy":"product_cat","embeddable":true,"href":"https:\/\/innocentiemangonipiante.it\/es\/wp-json\/wp\/v2\/product_cat?post=16165"},{"taxonomy":"product_tag","embeddable":true,"href":"https:\/\/innocentiemangonipiante.it\/es\/wp-json\/wp\/v2\/product_tag?post=16165"}],"curies":[{"name":"wp","href":"https:\/\/api.w.org\/{rel}","templated":true}]}}