{"id":16171,"date":"2023-11-04T00:54:04","date_gmt":"2023-11-03T23:54:04","guid":{"rendered":"http:\/\/innocentiemangonipiante.it\/feijoa-sellowiana\/"},"modified":"2023-10-06T12:27:55","modified_gmt":"2023-10-06T10:27:55","slug":"feijoa-sellowiana","status":"publish","type":"product","link":"https:\/\/innocentiemangonipiante.it\/es\/feijoa-sellowiana\/","title":{"rendered":"FEIJOA sellowiana"},"content":{"rendered":"<p>Arbusto perenne de hojas el\u00edptico-oblongas, de color gris-verde, de 5-7 cm de largo, de color plateado-lanoso en el env\u00e9s. A mediados de verano produce flores de hasta 3-4 cm de ancho, con largos estambres rojos y p\u00e9talos de color rojo p\u00farpura, con m\u00e1rgenes y env\u00e9s de color blanco rosado.<\/p>\n","protected":false},"excerpt":{"rendered":"<p>Arbusto perenne de hojas el\u00edptico-oblongas, de color gris-verde, de 5-7 cm de largo, de color plateado-lanoso en el env\u00e9s. A mediados de verano produce flores de hasta 3-4 cm de ancho, con largos estambres rojos y p\u00e9talos de color rojo p\u00farpura, con m\u00e1rgenes y env\u00e9s de color blanco rosado.<\/p>\n","protected":false},"featured_media":2619,"template":"","meta":{"_acf_changed":false},"product_brand":[],"product_cat":[8815,9232],"product_tag":[10899],"class_list":{"0":"post-16171","1":"product","2":"type-product","3":"status-publish","4":"has-post-thumbnail","6":"product_cat-arboles-y-arbustos-persistentes","7":"product_cat-arboles-y-plantas-del-futuro","8":"product_tag-natural-es","9":"pa_altezza-massima-300-es","10":"pa_altezza-massima-400-es","11":"pa_colore-delle-foglie-grises-es","12":"pa_colore-fioritura-rojo","13":"pa_famiglia-myrtaceae-es","14":"pa_genere-feijoa-es","15":"pa_origine-brasil","16":"pa_periodo-fioritura-agosto-es","17":"pa_periodo-fioritura-julio","18":"pa_portamento-cespuglioso-es","19":"pa_resistenza-climatica-media","20":"pa_resistenza-del-suolo-resistente-a-los-suelos-secos","21":"pa_salinita-resistente-alla-salsedine-es","22":"pa_utilizzo-parques","23":"pa_utilizzo-pequenos-jardines","25":"first","26":"instock","27":"purchasable","28":"product-type-simple"},"acf":[],"_links":{"self":[{"href":"https:\/\/innocentiemangonipiante.it\/es\/wp-json\/wp\/v2\/product\/16171","targetHints":{"allow":["GET"]}}],"collection":[{"href":"https:\/\/innocentiemangonipiante.it\/es\/wp-json\/wp\/v2\/product"}],"about":[{"href":"https:\/\/innocentiemangonipiante.it\/es\/wp-json\/wp\/v2\/types\/product"}],"wp:featuredmedia":[{"embeddable":true,"href":"https:\/\/innocentiemangonipiante.it\/es\/wp-json\/wp\/v2\/media\/2619"}],"wp:attachment":[{"href":"https:\/\/innocentiemangonipiante.it\/es\/wp-json\/wp\/v2\/media?parent=16171"}],"wp:term":[{"taxonomy":"product_brand","embeddable":true,"href":"https:\/\/innocentiemangonipiante.it\/es\/wp-json\/wp\/v2\/product_brand?post=16171"},{"taxonomy":"product_cat","embeddable":true,"href":"https:\/\/innocentiemangonipiante.it\/es\/wp-json\/wp\/v2\/product_cat?post=16171"},{"taxonomy":"product_tag","embeddable":true,"href":"https:\/\/innocentiemangonipiante.it\/es\/wp-json\/wp\/v2\/product_tag?post=16171"}],"curies":[{"name":"wp","href":"https:\/\/api.w.org\/{rel}","templated":true}]}}