{"id":16194,"date":"2023-11-04T00:58:31","date_gmt":"2023-11-03T23:58:31","guid":{"rendered":"http:\/\/innocentiemangonipiante.it\/fothergilla-major\/"},"modified":"2023-10-06T12:29:05","modified_gmt":"2023-10-06T10:29:05","slug":"fothergilla-major","status":"publish","type":"product","link":"https:\/\/innocentiemangonipiante.it\/es\/fothergilla-major\/","title":{"rendered":"FOTHERGILLA major"},"content":{"rendered":"<p>Arbusto caduco de porte erguido con hojas de obovadas a redondeadas, alternadas, de color verde oscuro, de hasta 10 cm de largo, con m\u00e1rgenes dentados. Coloraci\u00f3n oto\u00f1al bonita que cambia a amarillo-naranja. A principios de verano, antes de la emisi\u00f3n de las hojas, brotan flores en espigas terminales, erguidas, de color blanco, de hasta 5 cm de largo.<\/p>\n","protected":false},"excerpt":{"rendered":"<p>Arbusto caduco de porte erguido con hojas de obovadas a redondeadas, alternadas, de color verde oscuro, de hasta 10 cm de largo, con m\u00e1rgenes dentados. Coloraci\u00f3n oto\u00f1al bonita que cambia a amarillo-naranja. A principios de verano, antes de la emisi\u00f3n de las hojas, brotan flores en espigas terminales, erguidas, de color blanco, de hasta 5 [&hellip;]<\/p>\n","protected":false},"featured_media":2688,"template":"","meta":{"_acf_changed":false},"product_brand":[],"product_cat":[8814],"product_tag":[10899],"class_list":{"0":"post-16194","1":"product","2":"type-product","3":"status-publish","4":"has-post-thumbnail","6":"product_cat-arboles-y-arbustos-de-hoja-caduca","7":"product_tag-natural-es","8":"pa_altezza-massima-200-es","9":"pa_altezza-massima-300-es","10":"pa_colore-fioritura-blanco","11":"pa_condizionamento-clt-es","12":"pa_famiglia-hamamelidaceae-es","13":"pa_genere-fothergilla-es","14":"pa_origine-origine-delle-piante-u-s-a-es","15":"pa_periodo-fioritura-junio","16":"pa_portamento-eretto-es","17":"pa_profumo-delicato-es","18":"pa_resistenza-climatica-muy-elevada","19":"pa_utilizzo-parques","20":"pa_utilizzo-pequenos-jardines","22":"first","23":"instock","24":"purchasable","25":"product-type-simple"},"acf":[],"_links":{"self":[{"href":"https:\/\/innocentiemangonipiante.it\/es\/wp-json\/wp\/v2\/product\/16194","targetHints":{"allow":["GET"]}}],"collection":[{"href":"https:\/\/innocentiemangonipiante.it\/es\/wp-json\/wp\/v2\/product"}],"about":[{"href":"https:\/\/innocentiemangonipiante.it\/es\/wp-json\/wp\/v2\/types\/product"}],"wp:featuredmedia":[{"embeddable":true,"href":"https:\/\/innocentiemangonipiante.it\/es\/wp-json\/wp\/v2\/media\/2688"}],"wp:attachment":[{"href":"https:\/\/innocentiemangonipiante.it\/es\/wp-json\/wp\/v2\/media?parent=16194"}],"wp:term":[{"taxonomy":"product_brand","embeddable":true,"href":"https:\/\/innocentiemangonipiante.it\/es\/wp-json\/wp\/v2\/product_brand?post=16194"},{"taxonomy":"product_cat","embeddable":true,"href":"https:\/\/innocentiemangonipiante.it\/es\/wp-json\/wp\/v2\/product_cat?post=16194"},{"taxonomy":"product_tag","embeddable":true,"href":"https:\/\/innocentiemangonipiante.it\/es\/wp-json\/wp\/v2\/product_tag?post=16194"}],"curies":[{"name":"wp","href":"https:\/\/api.w.org\/{rel}","templated":true}]}}