{"id":16196,"date":"2023-11-04T01:00:15","date_gmt":"2023-11-04T00:00:15","guid":{"rendered":"http:\/\/innocentiemangonipiante.it\/fraxinus-pennsylvanica-patmore\/"},"modified":"2023-10-06T12:29:27","modified_gmt":"2023-10-06T10:29:27","slug":"fraxinus-pennsylvanica-patmore","status":"publish","type":"product","link":"https:\/\/innocentiemangonipiante.it\/es\/fraxinus-pennsylvanica-patmore\/","title":{"rendered":"FRAXINUS pennsylvanica &#8216;Patmore&#8217;"},"content":{"rendered":"<p>\u00c1rbol muy r\u00fastico y vigoroso. Forma oval y ramificaci\u00f3n erecta. Hojas verde oscuro y brillante, amarillas en oto\u00f1o. No produce frutos.<\/p>\n","protected":false},"excerpt":{"rendered":"<p>\u00c1rbol muy r\u00fastico y vigoroso. Forma oval y ramificaci\u00f3n erecta. Hojas verde oscuro y brillante, amarillas en oto\u00f1o. No produce frutos.<\/p>\n","protected":false},"featured_media":2766,"template":"","meta":{"_acf_changed":false},"product_brand":[],"product_cat":[8814],"product_tag":[10899,8598,8402],"class_list":{"0":"post-16196","1":"product","2":"type-product","3":"status-publish","4":"has-post-thumbnail","6":"product_cat-arboles-y-arbustos-de-hoja-caduca","7":"product_tag-natural-es","8":"product_tag-multitronco-es-2","9":"product_tag-tallo-alto","10":"pa_altezza-massima-1000-es-2","11":"pa_altezza-massima-15-metros","12":"pa_colore-fioritura-blanco","13":"pa_condizionamento-placa","14":"pa_famiglia-oleaceae-es","15":"pa_genere-fraxinus-es","16":"pa_origine-origine-delle-piante-u-s-a-es","17":"pa_periodo-fioritura-mayo","18":"pa_portamento-arrotondato-es","19":"pa_resistenza-climatica-muy-elevada","20":"pa_utilizzo-avenidas","22":"first","23":"instock","24":"purchasable","25":"product-type-simple"},"acf":[],"_links":{"self":[{"href":"https:\/\/innocentiemangonipiante.it\/es\/wp-json\/wp\/v2\/product\/16196","targetHints":{"allow":["GET"]}}],"collection":[{"href":"https:\/\/innocentiemangonipiante.it\/es\/wp-json\/wp\/v2\/product"}],"about":[{"href":"https:\/\/innocentiemangonipiante.it\/es\/wp-json\/wp\/v2\/types\/product"}],"wp:featuredmedia":[{"embeddable":true,"href":"https:\/\/innocentiemangonipiante.it\/es\/wp-json\/wp\/v2\/media\/2766"}],"wp:attachment":[{"href":"https:\/\/innocentiemangonipiante.it\/es\/wp-json\/wp\/v2\/media?parent=16196"}],"wp:term":[{"taxonomy":"product_brand","embeddable":true,"href":"https:\/\/innocentiemangonipiante.it\/es\/wp-json\/wp\/v2\/product_brand?post=16196"},{"taxonomy":"product_cat","embeddable":true,"href":"https:\/\/innocentiemangonipiante.it\/es\/wp-json\/wp\/v2\/product_cat?post=16196"},{"taxonomy":"product_tag","embeddable":true,"href":"https:\/\/innocentiemangonipiante.it\/es\/wp-json\/wp\/v2\/product_tag?post=16196"}],"curies":[{"name":"wp","href":"https:\/\/api.w.org\/{rel}","templated":true}]}}