{"id":16205,"date":"2023-11-04T00:58:47","date_gmt":"2023-11-03T23:58:47","guid":{"rendered":"http:\/\/innocentiemangonipiante.it\/fraxinus-americana-autumn-purple\/"},"modified":"2023-10-06T12:29:08","modified_gmt":"2023-10-06T10:29:08","slug":"fraxinus-americana-autumn-purple","status":"publish","type":"product","link":"https:\/\/innocentiemangonipiante.it\/es\/fraxinus-americana-autumn-purple\/","title":{"rendered":"FRAXINUS americana &#8216;Autumn Purple&#8217; \u00ae"},"content":{"rendered":"<p>Gran \u00e1rbol de porte ligeramente c\u00f3nico. Interesante coloraci\u00f3n oto\u00f1al rojo viol\u00e1ceo que permanece mucho tiempo.<\/p>\n","protected":false},"excerpt":{"rendered":"<p>Gran \u00e1rbol de porte ligeramente c\u00f3nico. Interesante coloraci\u00f3n oto\u00f1al rojo viol\u00e1ceo que permanece mucho tiempo.<\/p>\n","protected":false},"featured_media":2704,"template":"","meta":{"_acf_changed":false},"product_brand":[],"product_cat":[8814,9232],"product_tag":[10899,8598,8402],"class_list":{"0":"post-16205","1":"product","2":"type-product","3":"status-publish","4":"has-post-thumbnail","6":"product_cat-arboles-y-arbustos-de-hoja-caduca","7":"product_cat-arboles-y-plantas-del-futuro","8":"product_tag-natural-es","9":"product_tag-multitronco-es-2","10":"product_tag-tallo-alto","11":"pa_altezza-massima-1000-es-2","12":"pa_altezza-massima-15-metros","13":"pa_condizionamento-clt-es","14":"pa_condizionamento-placa","15":"pa_famiglia-oleaceae-es","16":"pa_genere-fraxinus-es","17":"pa_origine-origine-delle-piante-u-s-a-es","18":"pa_portamento-piramidale-es","19":"pa_resistenza-climatica-muy-elevada","20":"pa_resistenza-del-suolo-resistente-a-la-humedad","21":"pa_resistenza-del-suolo-resistente-a-los-suelos-calcareos","22":"pa_utilizzo-avenidas","23":"pa_utilizzo-parques","25":"first","26":"instock","27":"purchasable","28":"product-type-simple"},"acf":[],"_links":{"self":[{"href":"https:\/\/innocentiemangonipiante.it\/es\/wp-json\/wp\/v2\/product\/16205","targetHints":{"allow":["GET"]}}],"collection":[{"href":"https:\/\/innocentiemangonipiante.it\/es\/wp-json\/wp\/v2\/product"}],"about":[{"href":"https:\/\/innocentiemangonipiante.it\/es\/wp-json\/wp\/v2\/types\/product"}],"wp:featuredmedia":[{"embeddable":true,"href":"https:\/\/innocentiemangonipiante.it\/es\/wp-json\/wp\/v2\/media\/2704"}],"wp:attachment":[{"href":"https:\/\/innocentiemangonipiante.it\/es\/wp-json\/wp\/v2\/media?parent=16205"}],"wp:term":[{"taxonomy":"product_brand","embeddable":true,"href":"https:\/\/innocentiemangonipiante.it\/es\/wp-json\/wp\/v2\/product_brand?post=16205"},{"taxonomy":"product_cat","embeddable":true,"href":"https:\/\/innocentiemangonipiante.it\/es\/wp-json\/wp\/v2\/product_cat?post=16205"},{"taxonomy":"product_tag","embeddable":true,"href":"https:\/\/innocentiemangonipiante.it\/es\/wp-json\/wp\/v2\/product_tag?post=16205"}],"curies":[{"name":"wp","href":"https:\/\/api.w.org\/{rel}","templated":true}]}}