{"id":16213,"date":"2023-11-04T01:00:58","date_gmt":"2023-11-04T00:00:58","guid":{"rendered":"http:\/\/innocentiemangonipiante.it\/gardenia-jasminoides-kleims-hardy\/"},"modified":"2023-10-06T12:29:38","modified_gmt":"2023-10-06T10:29:38","slug":"gardenia-jasminoides-kleims-hardy","status":"publish","type":"product","link":"https:\/\/innocentiemangonipiante.it\/es\/gardenia-jasminoides-kleims-hardy\/","title":{"rendered":"GARDENIA jasminoides &#8216;Kleim&#8217;s Hardy&#8217;"},"content":{"rendered":"<p>Selecci\u00f3n resistente al fr\u00edo con flor blanca perfumada. Flor y hoja m\u00e1s peque\u00f1a de su especie y crecimiento lento.<\/p>\n","protected":false},"excerpt":{"rendered":"<p>Selecci\u00f3n resistente al fr\u00edo con flor blanca perfumada. Flor y hoja m\u00e1s peque\u00f1a de su especie y crecimiento lento.<\/p>\n","protected":false},"featured_media":0,"template":"","meta":{"_acf_changed":false},"product_brand":[],"product_cat":[8815],"product_tag":[10899],"class_list":{"0":"post-16213","1":"product","2":"type-product","3":"status-publish","5":"product_cat-arboles-y-arbustos-persistentes","6":"product_tag-natural-es","7":"pa_altezza-massima-150-es","8":"pa_altezza-massima-200-es","9":"pa_colore-fioritura-blanco","10":"pa_condizionamento-clt-es","11":"pa_condizionamento-vs-es","12":"pa_famiglia-rubiaceae-es","13":"pa_genere-gardenia-es","14":"pa_origine-asia-oriental","15":"pa_periodo-fioritura-julio","16":"pa_periodo-fioritura-junio","17":"pa_periodo-fioritura-mayo","18":"pa_portamento-cespuglioso-es","19":"pa_profumo-intenso-es","20":"pa_resistenza-climatica-media-elevada","21":"pa_utilizzo-balcones","22":"pa_utilizzo-de-interior","23":"pa_utilizzo-pequenos-jardines","25":"first","26":"instock","27":"purchasable","28":"product-type-simple"},"acf":[],"_links":{"self":[{"href":"https:\/\/innocentiemangonipiante.it\/es\/wp-json\/wp\/v2\/product\/16213","targetHints":{"allow":["GET"]}}],"collection":[{"href":"https:\/\/innocentiemangonipiante.it\/es\/wp-json\/wp\/v2\/product"}],"about":[{"href":"https:\/\/innocentiemangonipiante.it\/es\/wp-json\/wp\/v2\/types\/product"}],"wp:attachment":[{"href":"https:\/\/innocentiemangonipiante.it\/es\/wp-json\/wp\/v2\/media?parent=16213"}],"wp:term":[{"taxonomy":"product_brand","embeddable":true,"href":"https:\/\/innocentiemangonipiante.it\/es\/wp-json\/wp\/v2\/product_brand?post=16213"},{"taxonomy":"product_cat","embeddable":true,"href":"https:\/\/innocentiemangonipiante.it\/es\/wp-json\/wp\/v2\/product_cat?post=16213"},{"taxonomy":"product_tag","embeddable":true,"href":"https:\/\/innocentiemangonipiante.it\/es\/wp-json\/wp\/v2\/product_tag?post=16213"}],"curies":[{"name":"wp","href":"https:\/\/api.w.org\/{rel}","templated":true}]}}