{"id":16214,"date":"2023-11-04T01:00:43","date_gmt":"2023-11-04T00:00:43","guid":{"rendered":"http:\/\/innocentiemangonipiante.it\/gardenia-grandiflora\/"},"modified":"2023-10-06T12:29:35","modified_gmt":"2023-10-06T10:29:35","slug":"gardenia-grandiflora","status":"publish","type":"product","link":"https:\/\/innocentiemangonipiante.it\/es\/gardenia-grandiflora\/","title":{"rendered":"GARDENIA grandiflora"},"content":{"rendered":"<p>Arbusto perenne, matoso, con hojas ovaladas-el\u00edpticas de hasta 10 cm de largo de color verde oscuro. Desde el verano hasta el oto\u00f1o produce flores planas con 5-12 l\u00f3bulos muy perfumadas, de color blanco puro a marfil de hasta 8 cm de ancho.<\/p>\n","protected":false},"excerpt":{"rendered":"<p>Arbusto perenne, matoso, con hojas ovaladas-el\u00edpticas de hasta 10 cm de largo de color verde oscuro. Desde el verano hasta el oto\u00f1o produce flores planas con 5-12 l\u00f3bulos muy perfumadas, de color blanco puro a marfil de hasta 8 cm de ancho.<\/p>\n","protected":false},"featured_media":2772,"template":"","meta":{"_acf_changed":false},"product_brand":[],"product_cat":[8815],"product_tag":[10899],"class_list":{"0":"post-16214","1":"product","2":"type-product","3":"status-publish","4":"has-post-thumbnail","6":"product_cat-arboles-y-arbustos-persistentes","7":"product_tag-natural-es","8":"pa_altezza-massima-200-es","9":"pa_altezza-massima-300-es","10":"pa_colore-fioritura-blanco","11":"pa_condizionamento-clt-es","12":"pa_famiglia-rubiaceae-es","13":"pa_genere-gardenia-es","14":"pa_origine-asia-oriental","15":"pa_periodo-fioritura-agosto-es","16":"pa_periodo-fioritura-julio","17":"pa_periodo-fioritura-junio","18":"pa_periodo-fioritura-septiembre","19":"pa_portamento-cespuglioso-es","20":"pa_profumo-intenso-es","21":"pa_resistenza-climatica-plantas-con-baja-resistencia-climatica","22":"pa_utilizzo-balcones","23":"pa_utilizzo-de-interior","24":"pa_utilizzo-pequenos-jardines","26":"first","27":"instock","28":"purchasable","29":"product-type-simple"},"acf":[],"_links":{"self":[{"href":"https:\/\/innocentiemangonipiante.it\/es\/wp-json\/wp\/v2\/product\/16214","targetHints":{"allow":["GET"]}}],"collection":[{"href":"https:\/\/innocentiemangonipiante.it\/es\/wp-json\/wp\/v2\/product"}],"about":[{"href":"https:\/\/innocentiemangonipiante.it\/es\/wp-json\/wp\/v2\/types\/product"}],"wp:featuredmedia":[{"embeddable":true,"href":"https:\/\/innocentiemangonipiante.it\/es\/wp-json\/wp\/v2\/media\/2772"}],"wp:attachment":[{"href":"https:\/\/innocentiemangonipiante.it\/es\/wp-json\/wp\/v2\/media?parent=16214"}],"wp:term":[{"taxonomy":"product_brand","embeddable":true,"href":"https:\/\/innocentiemangonipiante.it\/es\/wp-json\/wp\/v2\/product_brand?post=16214"},{"taxonomy":"product_cat","embeddable":true,"href":"https:\/\/innocentiemangonipiante.it\/es\/wp-json\/wp\/v2\/product_cat?post=16214"},{"taxonomy":"product_tag","embeddable":true,"href":"https:\/\/innocentiemangonipiante.it\/es\/wp-json\/wp\/v2\/product_tag?post=16214"}],"curies":[{"name":"wp","href":"https:\/\/api.w.org\/{rel}","templated":true}]}}