{"id":16220,"date":"2023-11-04T01:04:05","date_gmt":"2023-11-04T00:04:05","guid":{"rendered":"http:\/\/innocentiemangonipiante.it\/ginkgo-biloba-tubifolia\/"},"modified":"2023-10-06T12:30:39","modified_gmt":"2023-10-06T10:30:39","slug":"ginkgo-biloba-tubifolia","status":"publish","type":"product","link":"https:\/\/innocentiemangonipiante.it\/es\/ginkgo-biloba-tubifolia\/","title":{"rendered":"GINKGO biloba &#8216;Tubifolia&#8217;"},"content":{"rendered":"<p>Selecci\u00f3n de Ginkgo particular por sus hojas peque\u00f1as, a dos l\u00f3bulos. Crecimiento lento. Follaje amarillo oro en oto\u00f1o.<\/p>\n","protected":false},"excerpt":{"rendered":"<p>Selecci\u00f3n de Ginkgo particular por sus hojas peque\u00f1as, a dos l\u00f3bulos. Crecimiento lento. Follaje amarillo oro en oto\u00f1o.<\/p>\n","protected":false},"featured_media":2824,"template":"","meta":{"_acf_changed":false},"product_brand":[],"product_cat":[8826],"product_tag":[10899,8718,8402],"class_list":{"0":"post-16220","1":"product","2":"type-product","3":"status-publish","4":"has-post-thumbnail","6":"product_cat-coniferas","7":"product_tag-natural-es","8":"product_tag-pompons-es","9":"product_tag-tallo-alto","10":"pa_altezza-massima-1000-es-2","11":"pa_altezza-massima-15-metros","12":"pa_condizionamento-clt-es","13":"pa_condizionamento-placa","14":"pa_famiglia-ginkgoaceae-es","15":"pa_genere-ginkgo-es","16":"pa_origine-asia-oriental","17":"pa_portamento-piramidale-es","18":"pa_resistenza-climatica-muy-elevada","19":"pa_resistenza-del-suolo-resistente-a-los-suelos-calcareos","20":"pa_utilizzo-parques","22":"first","23":"instock","24":"purchasable","25":"product-type-simple"},"acf":[],"_links":{"self":[{"href":"https:\/\/innocentiemangonipiante.it\/es\/wp-json\/wp\/v2\/product\/16220","targetHints":{"allow":["GET"]}}],"collection":[{"href":"https:\/\/innocentiemangonipiante.it\/es\/wp-json\/wp\/v2\/product"}],"about":[{"href":"https:\/\/innocentiemangonipiante.it\/es\/wp-json\/wp\/v2\/types\/product"}],"wp:featuredmedia":[{"embeddable":true,"href":"https:\/\/innocentiemangonipiante.it\/es\/wp-json\/wp\/v2\/media\/2824"}],"wp:attachment":[{"href":"https:\/\/innocentiemangonipiante.it\/es\/wp-json\/wp\/v2\/media?parent=16220"}],"wp:term":[{"taxonomy":"product_brand","embeddable":true,"href":"https:\/\/innocentiemangonipiante.it\/es\/wp-json\/wp\/v2\/product_brand?post=16220"},{"taxonomy":"product_cat","embeddable":true,"href":"https:\/\/innocentiemangonipiante.it\/es\/wp-json\/wp\/v2\/product_cat?post=16220"},{"taxonomy":"product_tag","embeddable":true,"href":"https:\/\/innocentiemangonipiante.it\/es\/wp-json\/wp\/v2\/product_tag?post=16220"}],"curies":[{"name":"wp","href":"https:\/\/api.w.org\/{rel}","templated":true}]}}