{"id":16225,"date":"2023-11-04T01:03:11","date_gmt":"2023-11-04T00:03:11","guid":{"rendered":"http:\/\/innocentiemangonipiante.it\/ginkgo-biloba-fastigiata-blagon\/"},"modified":"2023-10-06T12:30:25","modified_gmt":"2023-10-06T10:30:25","slug":"ginkgo-biloba-fastigiata-blagon","status":"publish","type":"product","link":"https:\/\/innocentiemangonipiante.it\/es\/ginkgo-biloba-fastigiata-blagon\/","title":{"rendered":"GINKGO biloba &#8216;Fastigiata Blagon&#8217; \u00ae"},"content":{"rendered":"<p>De injerto. Selecci\u00f3n con disposici\u00f3n erguida y ramificaci\u00f3n ascendiente m\u00e1s bien tupida. Crecimiento lento. Follaje de color oro el oto\u00f1o.<\/p>\n","protected":false},"excerpt":{"rendered":"<p>De injerto. Selecci\u00f3n con disposici\u00f3n erguida y ramificaci\u00f3n ascendiente m\u00e1s bien tupida. Crecimiento lento. Follaje de color oro el oto\u00f1o.<\/p>\n","protected":false},"featured_media":2810,"template":"","meta":{"_acf_changed":false},"product_brand":[],"product_cat":[8826],"product_tag":[10899,8402],"class_list":{"0":"post-16225","1":"product","2":"type-product","3":"status-publish","4":"has-post-thumbnail","6":"product_cat-coniferas","7":"product_tag-natural-es","8":"product_tag-tallo-alto","9":"pa_altezza-massima-1000-es-2","10":"pa_altezza-massima-15-metros","11":"pa_condizionamento-clt-es","12":"pa_condizionamento-placa","13":"pa_condizionamento-vs-es","14":"pa_famiglia-ginkgoaceae-es","15":"pa_genere-ginkgo-es","16":"pa_origine-francia","17":"pa_portamento-piramidale-es","18":"pa_resistenza-climatica-muy-elevada","19":"pa_resistenza-del-suolo-resistente-a-los-suelos-calcareos","20":"pa_utilizzo-parques","22":"first","23":"instock","24":"purchasable","25":"product-type-simple"},"acf":[],"_links":{"self":[{"href":"https:\/\/innocentiemangonipiante.it\/es\/wp-json\/wp\/v2\/product\/16225","targetHints":{"allow":["GET"]}}],"collection":[{"href":"https:\/\/innocentiemangonipiante.it\/es\/wp-json\/wp\/v2\/product"}],"about":[{"href":"https:\/\/innocentiemangonipiante.it\/es\/wp-json\/wp\/v2\/types\/product"}],"wp:featuredmedia":[{"embeddable":true,"href":"https:\/\/innocentiemangonipiante.it\/es\/wp-json\/wp\/v2\/media\/2810"}],"wp:attachment":[{"href":"https:\/\/innocentiemangonipiante.it\/es\/wp-json\/wp\/v2\/media?parent=16225"}],"wp:term":[{"taxonomy":"product_brand","embeddable":true,"href":"https:\/\/innocentiemangonipiante.it\/es\/wp-json\/wp\/v2\/product_brand?post=16225"},{"taxonomy":"product_cat","embeddable":true,"href":"https:\/\/innocentiemangonipiante.it\/es\/wp-json\/wp\/v2\/product_cat?post=16225"},{"taxonomy":"product_tag","embeddable":true,"href":"https:\/\/innocentiemangonipiante.it\/es\/wp-json\/wp\/v2\/product_tag?post=16225"}],"curies":[{"name":"wp","href":"https:\/\/api.w.org\/{rel}","templated":true}]}}