{"id":16228,"date":"2023-11-04T01:04:29","date_gmt":"2023-11-04T00:04:29","guid":{"rendered":"http:\/\/innocentiemangonipiante.it\/gleditsia-triacanthos-skyline\/"},"modified":"2023-10-06T12:30:45","modified_gmt":"2023-10-06T10:30:45","slug":"gleditsia-triacanthos-skyline","status":"publish","type":"product","link":"https:\/\/innocentiemangonipiante.it\/es\/gleditsia-triacanthos-skyline\/","title":{"rendered":"GLEDITSIA triacanthos &#8216;Skyline&#8217; \u00ae"},"content":{"rendered":"<p>\u00c1rbol caduco de porte piramidal. Corteza de un color que va de marr\u00f3n rojizo a gris, sin espinas. Las hojas alternas miden de 2 a 2,5 cm, son de color verde intenso y en oto\u00f1o se coloran de amarillo. Produce flores de color verde claro en junio-julio, en racimos de 5-7 cm de largo.<\/p>\n","protected":false},"excerpt":{"rendered":"<p>\u00c1rbol caduco de porte piramidal. Corteza de un color que va de marr\u00f3n rojizo a gris, sin espinas. Las hojas alternas miden de 2 a 2,5 cm, son de color verde intenso y en oto\u00f1o se coloran de amarillo. Produce flores de color verde claro en junio-julio, en racimos de 5-7 cm de largo.<\/p>\n","protected":false},"featured_media":2847,"template":"","meta":{"_acf_changed":false},"product_brand":[],"product_cat":[8814,9232],"product_tag":[10899,8402],"class_list":{"0":"post-16228","1":"product","2":"type-product","3":"status-publish","4":"has-post-thumbnail","6":"product_cat-arboles-y-arbustos-de-hoja-caduca","7":"product_cat-arboles-y-plantas-del-futuro","8":"product_tag-natural-es","9":"product_tag-tallo-alto","10":"pa_altezza-massima-1000-es-2","11":"pa_altezza-massima-15-metros","12":"pa_condizionamento-clt-es","13":"pa_condizionamento-placa","14":"pa_famiglia-leguminosae-es","15":"pa_genere-gleditsia-es","16":"pa_inquinamento-resistente-al-smog","17":"pa_origine-origine-delle-piante-u-s-a-es","18":"pa_periodo-fioritura-julio","19":"pa_periodo-fioritura-junio","20":"pa_portamento-piramidale-es","21":"pa_resistenza-climatica-muy-elevada","22":"pa_resistenza-del-suolo-resistente-a-los-suelos-calcareos","23":"pa_resistenza-del-suolo-resistente-a-los-suelos-pobres","24":"pa_resistenza-del-suolo-resistente-a-los-suelos-secos","25":"pa_salinita-resistente-alla-salsedine-es","26":"pa_utilizzo-avenidas","27":"pa_utilizzo-parques","29":"first","30":"instock","31":"purchasable","32":"product-type-simple"},"acf":[],"_links":{"self":[{"href":"https:\/\/innocentiemangonipiante.it\/es\/wp-json\/wp\/v2\/product\/16228","targetHints":{"allow":["GET"]}}],"collection":[{"href":"https:\/\/innocentiemangonipiante.it\/es\/wp-json\/wp\/v2\/product"}],"about":[{"href":"https:\/\/innocentiemangonipiante.it\/es\/wp-json\/wp\/v2\/types\/product"}],"wp:featuredmedia":[{"embeddable":true,"href":"https:\/\/innocentiemangonipiante.it\/es\/wp-json\/wp\/v2\/media\/2847"}],"wp:attachment":[{"href":"https:\/\/innocentiemangonipiante.it\/es\/wp-json\/wp\/v2\/media?parent=16228"}],"wp:term":[{"taxonomy":"product_brand","embeddable":true,"href":"https:\/\/innocentiemangonipiante.it\/es\/wp-json\/wp\/v2\/product_brand?post=16228"},{"taxonomy":"product_cat","embeddable":true,"href":"https:\/\/innocentiemangonipiante.it\/es\/wp-json\/wp\/v2\/product_cat?post=16228"},{"taxonomy":"product_tag","embeddable":true,"href":"https:\/\/innocentiemangonipiante.it\/es\/wp-json\/wp\/v2\/product_tag?post=16228"}],"curies":[{"name":"wp","href":"https:\/\/api.w.org\/{rel}","templated":true}]}}