{"id":16231,"date":"2023-11-04T01:04:11","date_gmt":"2023-11-04T00:04:11","guid":{"rendered":"http:\/\/innocentiemangonipiante.it\/gleditsia-triacanthos-elegantissima\/"},"modified":"2023-10-06T12:30:41","modified_gmt":"2023-10-06T10:30:41","slug":"gleditsia-triacanthos-elegantissima","status":"publish","type":"product","link":"https:\/\/innocentiemangonipiante.it\/es\/gleditsia-triacanthos-elegantissima\/","title":{"rendered":"GLEDITSIA triacanthos &#8216;Elegantissima&#8217;"},"content":{"rendered":"<p>Peque\u00f1o \u00e1rbol de lento crecimiento con porte globular. Muy adecuado para peque\u00f1os jardines, parques y avenidas o otros sitios donde es necesario un desarrollo reducido.<\/p>\n","protected":false},"excerpt":{"rendered":"<p>Peque\u00f1o \u00e1rbol de lento crecimiento con porte globular. Muy adecuado para peque\u00f1os jardines, parques y avenidas o otros sitios donde es necesario un desarrollo reducido.<\/p>\n","protected":false},"featured_media":44926,"template":"","meta":{"_acf_changed":false},"product_brand":[],"product_cat":[8814],"product_tag":[10899,8402],"class_list":{"0":"post-16231","1":"product","2":"type-product","3":"status-publish","4":"has-post-thumbnail","6":"product_cat-arboles-y-arbustos-de-hoja-caduca","7":"product_tag-natural-es","8":"product_tag-tallo-alto","9":"pa_altezza-massima-300-es","10":"pa_altezza-massima-400-es","11":"pa_condizionamento-placa","12":"pa_famiglia-leguminosae-es","13":"pa_genere-gleditsia-es","14":"pa_inquinamento-resistente-al-smog","15":"pa_origine-origine-delle-piante-u-s-a-es","16":"pa_periodo-fruttificazione-agosto-es","17":"pa_periodo-fruttificazione-julio","18":"pa_portamento-arrotondato-es","19":"pa_resistenza-climatica-muy-elevada","20":"pa_resistenza-del-suolo-resistente-a-los-suelos-calcareos","21":"pa_resistenza-del-suolo-resistente-a-los-suelos-pobres","22":"pa_utilizzo-avenidas","23":"pa_utilizzo-parques","24":"pa_utilizzo-pequenos-jardines","26":"first","27":"instock","28":"purchasable","29":"product-type-simple"},"acf":[],"_links":{"self":[{"href":"https:\/\/innocentiemangonipiante.it\/es\/wp-json\/wp\/v2\/product\/16231","targetHints":{"allow":["GET"]}}],"collection":[{"href":"https:\/\/innocentiemangonipiante.it\/es\/wp-json\/wp\/v2\/product"}],"about":[{"href":"https:\/\/innocentiemangonipiante.it\/es\/wp-json\/wp\/v2\/types\/product"}],"wp:featuredmedia":[{"embeddable":true,"href":"https:\/\/innocentiemangonipiante.it\/es\/wp-json\/wp\/v2\/media\/44926"}],"wp:attachment":[{"href":"https:\/\/innocentiemangonipiante.it\/es\/wp-json\/wp\/v2\/media?parent=16231"}],"wp:term":[{"taxonomy":"product_brand","embeddable":true,"href":"https:\/\/innocentiemangonipiante.it\/es\/wp-json\/wp\/v2\/product_brand?post=16231"},{"taxonomy":"product_cat","embeddable":true,"href":"https:\/\/innocentiemangonipiante.it\/es\/wp-json\/wp\/v2\/product_cat?post=16231"},{"taxonomy":"product_tag","embeddable":true,"href":"https:\/\/innocentiemangonipiante.it\/es\/wp-json\/wp\/v2\/product_tag?post=16231"}],"curies":[{"name":"wp","href":"https:\/\/api.w.org\/{rel}","templated":true}]}}