{"id":16234,"date":"2023-11-04T01:05:56","date_gmt":"2023-11-04T00:05:56","guid":{"rendered":"http:\/\/innocentiemangonipiante.it\/hamamelis-mollis\/"},"modified":"2023-10-06T12:31:06","modified_gmt":"2023-10-06T10:31:06","slug":"hamamelis-mollis","status":"publish","type":"product","link":"https:\/\/innocentiemangonipiante.it\/es\/hamamelis-mollis\/","title":{"rendered":"HAMAMELIS mollis"},"content":{"rendered":"<p>G\u00e9nero de arbustos de porte erguido con hojas de ovales a obovadas, de color verde, recubiertas a mitad de una pelusilla blanda, de hasta 15 cm de largo, que se coloran de amarillo oro en oto\u00f1o. A mediadosfinales del invierno producen flores muy perfumadas en las ramas que todav\u00eda no tienen hojas. Disponibles en los colores amarillo, amarillo ocre, amarillo lim\u00f3n, naranja, rojo.<\/p>\n","protected":false},"excerpt":{"rendered":"<p>G\u00e9nero de arbustos de porte erguido con hojas de ovales a obovadas, de color verde, recubiertas a mitad de una pelusilla blanda, de hasta 15 cm de largo, que se coloran de amarillo oro en oto\u00f1o. A mediadosfinales del invierno producen flores muy perfumadas en las ramas que todav\u00eda no tienen hojas. Disponibles en los [&hellip;]<\/p>\n","protected":false},"featured_media":2868,"template":"","meta":{"_acf_changed":false},"product_brand":[],"product_cat":[8814],"product_tag":[10899],"class_list":{"0":"post-16234","1":"product","2":"type-product","3":"status-publish","4":"has-post-thumbnail","6":"product_cat-arboles-y-arbustos-de-hoja-caduca","7":"product_tag-natural-es","8":"pa_altezza-massima-300-es","9":"pa_altezza-massima-400-es","10":"pa_colore-fioritura-amarillo","11":"pa_condizionamento-clt-es","12":"pa_famiglia-hamamelidaceae-es","13":"pa_genere-hamamelis-es","14":"pa_inquinamento-resistente-al-smog","15":"pa_origine-asia-oriental","16":"pa_periodo-fioritura-diciembre","17":"pa_periodo-fioritura-enero","18":"pa_periodo-fioritura-noviembre","19":"pa_portamento-eretto-es","20":"pa_profumo-delicato-es","21":"pa_resistenza-climatica-muy-elevada","22":"pa_utilizzo-pequenos-jardines","24":"first","25":"instock","26":"purchasable","27":"product-type-simple"},"acf":[],"_links":{"self":[{"href":"https:\/\/innocentiemangonipiante.it\/es\/wp-json\/wp\/v2\/product\/16234","targetHints":{"allow":["GET"]}}],"collection":[{"href":"https:\/\/innocentiemangonipiante.it\/es\/wp-json\/wp\/v2\/product"}],"about":[{"href":"https:\/\/innocentiemangonipiante.it\/es\/wp-json\/wp\/v2\/types\/product"}],"wp:featuredmedia":[{"embeddable":true,"href":"https:\/\/innocentiemangonipiante.it\/es\/wp-json\/wp\/v2\/media\/2868"}],"wp:attachment":[{"href":"https:\/\/innocentiemangonipiante.it\/es\/wp-json\/wp\/v2\/media?parent=16234"}],"wp:term":[{"taxonomy":"product_brand","embeddable":true,"href":"https:\/\/innocentiemangonipiante.it\/es\/wp-json\/wp\/v2\/product_brand?post=16234"},{"taxonomy":"product_cat","embeddable":true,"href":"https:\/\/innocentiemangonipiante.it\/es\/wp-json\/wp\/v2\/product_cat?post=16234"},{"taxonomy":"product_tag","embeddable":true,"href":"https:\/\/innocentiemangonipiante.it\/es\/wp-json\/wp\/v2\/product_tag?post=16234"}],"curies":[{"name":"wp","href":"https:\/\/api.w.org\/{rel}","templated":true}]}}