{"id":16235,"date":"2023-11-04T01:06:44","date_gmt":"2023-11-04T00:06:44","guid":{"rendered":"http:\/\/innocentiemangonipiante.it\/hebe-in-varieta\/"},"modified":"2023-10-06T12:31:20","modified_gmt":"2023-10-06T10:31:20","slug":"hebe-in-varieta","status":"publish","type":"product","link":"https:\/\/innocentiemangonipiante.it\/es\/hebe-in-varieta\/","title":{"rendered":"HEBE in variet\u00e0"},"content":{"rendered":"<p>G\u00e9nero que incluye muchos arbustos de hoja perenne de Nueva Zelanda y de Australia.Las hojas son ovales, de color verde-gris\u00e1ceo, en muchas especies variegadas de amarillo o blancuzco en verano produce largas espigas de flores de varios colores, desde el blanco hasta el violeta, que se elevan desde el follaje la mayor\u00eda de las especies producen una segunda floraci\u00f3n en oto\u00f1o e invierno.<\/p>\n","protected":false},"excerpt":{"rendered":"<p>G\u00e9nero que incluye muchos arbustos de hoja perenne de Nueva Zelanda y de Australia.Las hojas son ovales, de color verde-gris\u00e1ceo, en muchas especies variegadas de amarillo o blancuzco en verano produce largas espigas de flores de varios colores, desde el blanco hasta el violeta, que se elevan desde el follaje la mayor\u00eda de las especies [&hellip;]<\/p>\n","protected":false},"featured_media":22338,"template":"","meta":{"_acf_changed":false},"product_brand":[],"product_cat":[8815],"product_tag":[10899],"class_list":{"0":"post-16235","1":"product","2":"type-product","3":"status-publish","4":"has-post-thumbnail","6":"product_cat-arboles-y-arbustos-persistentes","7":"product_tag-natural-es","8":"pa_altezza-massima-0_30-metros","9":"pa_altezza-massima-0_50-metros","10":"pa_colore-delle-foglie-variegadas","11":"pa_colore-fioritura-violeta","12":"pa_condizionamento-clt-es","13":"pa_famiglia-scrophulariaceae-es","14":"pa_genere-hebe-es","15":"pa_origine-nueva-zelanda-es","16":"pa_periodo-fioritura-agosto-es","17":"pa_periodo-fioritura-julio","18":"pa_periodo-fioritura-noviembre","19":"pa_periodo-fioritura-octubre","20":"pa_portamento-cespuglioso-es","21":"pa_resistenza-climatica-media-elevada","22":"pa_salinita-resistente-alla-salsedine-es","23":"pa_utilizzo-balcones","24":"pa_utilizzo-pequenos-jardines","26":"first","27":"instock","28":"purchasable","29":"product-type-simple"},"acf":[],"_links":{"self":[{"href":"https:\/\/innocentiemangonipiante.it\/es\/wp-json\/wp\/v2\/product\/16235","targetHints":{"allow":["GET"]}}],"collection":[{"href":"https:\/\/innocentiemangonipiante.it\/es\/wp-json\/wp\/v2\/product"}],"about":[{"href":"https:\/\/innocentiemangonipiante.it\/es\/wp-json\/wp\/v2\/types\/product"}],"wp:featuredmedia":[{"embeddable":true,"href":"https:\/\/innocentiemangonipiante.it\/es\/wp-json\/wp\/v2\/media\/22338"}],"wp:attachment":[{"href":"https:\/\/innocentiemangonipiante.it\/es\/wp-json\/wp\/v2\/media?parent=16235"}],"wp:term":[{"taxonomy":"product_brand","embeddable":true,"href":"https:\/\/innocentiemangonipiante.it\/es\/wp-json\/wp\/v2\/product_brand?post=16235"},{"taxonomy":"product_cat","embeddable":true,"href":"https:\/\/innocentiemangonipiante.it\/es\/wp-json\/wp\/v2\/product_cat?post=16235"},{"taxonomy":"product_tag","embeddable":true,"href":"https:\/\/innocentiemangonipiante.it\/es\/wp-json\/wp\/v2\/product_tag?post=16235"}],"curies":[{"name":"wp","href":"https:\/\/api.w.org\/{rel}","templated":true}]}}