{"id":16239,"date":"2023-11-04T01:07:29","date_gmt":"2023-11-04T00:07:29","guid":{"rendered":"http:\/\/innocentiemangonipiante.it\/hedera-helix-goldheart\/"},"modified":"2023-10-06T12:31:47","modified_gmt":"2023-10-06T10:31:47","slug":"hedera-helix-goldheart","status":"publish","type":"product","link":"https:\/\/innocentiemangonipiante.it\/es\/hedera-helix-goldheart\/","title":{"rendered":"HEDERA helix &#8216;Goldheart&#8217;"},"content":{"rendered":"<p>Hojas de tama\u00f1o medio-peque\u00f1o, de tres l\u00f3bulos, de color verde oscuro con una mancha central de color amarillo v\u00edvido.<\/p>\n","protected":false},"excerpt":{"rendered":"<p>Hojas de tama\u00f1o medio-peque\u00f1o, de tres l\u00f3bulos, de color verde oscuro con una mancha central de color amarillo v\u00edvido.<\/p>\n","protected":false},"featured_media":2911,"template":"","meta":{"_acf_changed":false},"product_brand":[],"product_cat":[8838],"product_tag":[10899,8752],"class_list":{"0":"post-16239","1":"product","2":"type-product","3":"status-publish","4":"has-post-thumbnail","6":"product_cat-enredaderas","7":"product_tag-natural-es","8":"product_tag-atras","9":"pa_altezza-massima-400-es","10":"pa_altezza-massima-600-es","11":"pa_colore-delle-foglie-variegadas","12":"pa_colore-fioritura-amarillo","13":"pa_condizionamento-clt-es","14":"pa_condizionamento-florero-cuadrado","15":"pa_famiglia-araliaceae-es","16":"pa_genere-hedera-es","17":"pa_inquinamento-resistente-al-smog","18":"pa_origine-europe-es","19":"pa_periodo-fioritura-octubre","20":"pa_periodo-fioritura-septiembre","21":"pa_portamento-enredadera","22":"pa_resistenza-climatica-media-elevada","23":"pa_resistenza-del-suolo-resistente-a-los-suelos-calcareos","24":"pa_salinita-resistente-alla-salsedine-es","25":"pa_utilizzo-balcones","26":"pa_utilizzo-parques","27":"pa_utilizzo-pequenos-jardines","29":"first","30":"instock","31":"purchasable","32":"product-type-simple"},"acf":[],"_links":{"self":[{"href":"https:\/\/innocentiemangonipiante.it\/es\/wp-json\/wp\/v2\/product\/16239","targetHints":{"allow":["GET"]}}],"collection":[{"href":"https:\/\/innocentiemangonipiante.it\/es\/wp-json\/wp\/v2\/product"}],"about":[{"href":"https:\/\/innocentiemangonipiante.it\/es\/wp-json\/wp\/v2\/types\/product"}],"wp:featuredmedia":[{"embeddable":true,"href":"https:\/\/innocentiemangonipiante.it\/es\/wp-json\/wp\/v2\/media\/2911"}],"wp:attachment":[{"href":"https:\/\/innocentiemangonipiante.it\/es\/wp-json\/wp\/v2\/media?parent=16239"}],"wp:term":[{"taxonomy":"product_brand","embeddable":true,"href":"https:\/\/innocentiemangonipiante.it\/es\/wp-json\/wp\/v2\/product_brand?post=16239"},{"taxonomy":"product_cat","embeddable":true,"href":"https:\/\/innocentiemangonipiante.it\/es\/wp-json\/wp\/v2\/product_cat?post=16239"},{"taxonomy":"product_tag","embeddable":true,"href":"https:\/\/innocentiemangonipiante.it\/es\/wp-json\/wp\/v2\/product_tag?post=16239"}],"curies":[{"name":"wp","href":"https:\/\/api.w.org\/{rel}","templated":true}]}}