{"id":16262,"date":"2023-11-04T01:13:25","date_gmt":"2023-11-04T00:13:25","guid":{"rendered":"http:\/\/innocentiemangonipiante.it\/hydrangea-anomala-ssp-petiolaris\/"},"modified":"2023-10-06T12:33:23","modified_gmt":"2023-10-06T10:33:23","slug":"hydrangea-anomala-ssp-petiolaris","status":"publish","type":"product","link":"https:\/\/innocentiemangonipiante.it\/es\/hydrangea-anomala-ssp-petiolaris\/","title":{"rendered":"HYDRANGEA anomala ssp. petiolaris"},"content":{"rendered":"<p>Arbusto trepador, le\u00f1oso, caduco, fuerte, que se sirve de raices aer\u00edcolas. Hojas de color verde oscuro que cambian a amarillo en oto\u00f1o. En verano produce corimbos en forma de c\u00fapula de flores simples de color blanco.<\/p>\n","protected":false},"excerpt":{"rendered":"<p>Arbusto trepador, le\u00f1oso, caduco, fuerte, que se sirve de raices aer\u00edcolas. Hojas de color verde oscuro que cambian a amarillo en oto\u00f1o. En verano produce corimbos en forma de c\u00fapula de flores simples de color blanco.<\/p>\n","protected":false},"featured_media":2996,"template":"","meta":{"_acf_changed":false},"product_brand":[],"product_cat":[8814],"product_tag":[10899],"class_list":{"0":"post-16262","1":"product","2":"type-product","3":"status-publish","4":"has-post-thumbnail","6":"product_cat-arboles-y-arbustos-de-hoja-caduca","7":"product_tag-natural-es","8":"pa_altezza-massima-800-es","9":"pa_altezza-massima-1000-es-2","10":"pa_colore-fioritura-blanco","11":"pa_famiglia-hydrangeaceae-es","12":"pa_genere-hydrangea-es","13":"pa_origine-asia-oriental","14":"pa_periodo-fioritura-agosto-es","15":"pa_periodo-fioritura-julio","16":"pa_portamento-enredadera","17":"pa_resistenza-climatica-muy-elevada","18":"pa_utilizzo-parques","19":"pa_utilizzo-pequenos-jardines","21":"first","22":"instock","23":"purchasable","24":"product-type-simple"},"acf":[],"_links":{"self":[{"href":"https:\/\/innocentiemangonipiante.it\/es\/wp-json\/wp\/v2\/product\/16262","targetHints":{"allow":["GET"]}}],"collection":[{"href":"https:\/\/innocentiemangonipiante.it\/es\/wp-json\/wp\/v2\/product"}],"about":[{"href":"https:\/\/innocentiemangonipiante.it\/es\/wp-json\/wp\/v2\/types\/product"}],"wp:featuredmedia":[{"embeddable":true,"href":"https:\/\/innocentiemangonipiante.it\/es\/wp-json\/wp\/v2\/media\/2996"}],"wp:attachment":[{"href":"https:\/\/innocentiemangonipiante.it\/es\/wp-json\/wp\/v2\/media?parent=16262"}],"wp:term":[{"taxonomy":"product_brand","embeddable":true,"href":"https:\/\/innocentiemangonipiante.it\/es\/wp-json\/wp\/v2\/product_brand?post=16262"},{"taxonomy":"product_cat","embeddable":true,"href":"https:\/\/innocentiemangonipiante.it\/es\/wp-json\/wp\/v2\/product_cat?post=16262"},{"taxonomy":"product_tag","embeddable":true,"href":"https:\/\/innocentiemangonipiante.it\/es\/wp-json\/wp\/v2\/product_tag?post=16262"}],"curies":[{"name":"wp","href":"https:\/\/api.w.org\/{rel}","templated":true}]}}