{"id":16264,"date":"2023-11-04T01:15:16","date_gmt":"2023-11-04T00:15:16","guid":{"rendered":"http:\/\/innocentiemangonipiante.it\/hydrangea-paniculata-unique\/"},"modified":"2023-10-06T12:33:49","modified_gmt":"2023-10-06T10:33:49","slug":"hydrangea-paniculata-unique","status":"publish","type":"product","link":"https:\/\/innocentiemangonipiante.it\/es\/hydrangea-paniculata-unique\/","title":{"rendered":"HYDRANGEA paniculata &#8216;Unique&#8217;"},"content":{"rendered":"<p>En verano trae flores blanco cr\u00e9ma en grandes mazorcas c\u00f3nicas redondeadas, que vuelven rosa en oto\u00f1o.<\/p>\n","protected":false},"excerpt":{"rendered":"<p>En verano trae flores blanco cr\u00e9ma en grandes mazorcas c\u00f3nicas redondeadas, que vuelven rosa en oto\u00f1o.<\/p>\n","protected":false},"featured_media":3086,"template":"","meta":{"_acf_changed":false},"product_brand":[],"product_cat":[8814],"product_tag":[10899,8566],"class_list":{"0":"post-16264","1":"product","2":"type-product","3":"status-publish","4":"has-post-thumbnail","6":"product_cat-arboles-y-arbustos-de-hoja-caduca","7":"product_tag-natural-es","8":"product_tag-medio-tallo","9":"pa_altezza-massima-200-es","10":"pa_altezza-massima-300-es","11":"pa_colore-fioritura-blanco","12":"pa_condizionamento-clt-es","13":"pa_condizionamento-florero-cuadrado","14":"pa_famiglia-hydrangeaceae-es","15":"pa_genere-hydrangea-es","16":"pa_origine-francia","17":"pa_periodo-fioritura-agosto-es","18":"pa_periodo-fioritura-julio","19":"pa_periodo-fioritura-junio","20":"pa_periodo-fioritura-octubre","21":"pa_periodo-fioritura-septiembre","22":"pa_portamento-allargato-es","23":"pa_resistenza-climatica-media-elevada","24":"pa_salinita-resistente-alla-salsedine-es","25":"pa_utilizzo-parques","27":"first","28":"instock","29":"purchasable","30":"product-type-simple"},"acf":[],"_links":{"self":[{"href":"https:\/\/innocentiemangonipiante.it\/es\/wp-json\/wp\/v2\/product\/16264","targetHints":{"allow":["GET"]}}],"collection":[{"href":"https:\/\/innocentiemangonipiante.it\/es\/wp-json\/wp\/v2\/product"}],"about":[{"href":"https:\/\/innocentiemangonipiante.it\/es\/wp-json\/wp\/v2\/types\/product"}],"wp:featuredmedia":[{"embeddable":true,"href":"https:\/\/innocentiemangonipiante.it\/es\/wp-json\/wp\/v2\/media\/3086"}],"wp:attachment":[{"href":"https:\/\/innocentiemangonipiante.it\/es\/wp-json\/wp\/v2\/media?parent=16264"}],"wp:term":[{"taxonomy":"product_brand","embeddable":true,"href":"https:\/\/innocentiemangonipiante.it\/es\/wp-json\/wp\/v2\/product_brand?post=16264"},{"taxonomy":"product_cat","embeddable":true,"href":"https:\/\/innocentiemangonipiante.it\/es\/wp-json\/wp\/v2\/product_cat?post=16264"},{"taxonomy":"product_tag","embeddable":true,"href":"https:\/\/innocentiemangonipiante.it\/es\/wp-json\/wp\/v2\/product_tag?post=16264"}],"curies":[{"name":"wp","href":"https:\/\/api.w.org\/{rel}","templated":true}]}}