{"id":16284,"date":"2023-11-04T01:20:04","date_gmt":"2023-11-04T00:20:04","guid":{"rendered":"http:\/\/innocentiemangonipiante.it\/ilex-x-nellie-r-stevens\/"},"modified":"2023-10-06T12:35:10","modified_gmt":"2023-10-06T10:35:10","slug":"ilex-x-nellie-r-stevens","status":"publish","type":"product","link":"https:\/\/innocentiemangonipiante.it\/es\/ilex-x-nellie-r-stevens\/","title":{"rendered":"ILEX x &#8216;Nellie R. Stevens&#8217;"},"content":{"rendered":"<p>\u00c1rbol perennifolio, femenino, de porte c\u00f3nico con hojas verdes oscuras, oblongo-ovaladas, poco espinosas, l\u00facidas, de hasta 8 cm de largo. Desarrolla muchos frutos de color rojo escarlata en forma de baya.<\/p>\n","protected":false},"excerpt":{"rendered":"<p>\u00c1rbol perennifolio, femenino, de porte c\u00f3nico con hojas verdes oscuras, oblongo-ovaladas, poco espinosas, l\u00facidas, de hasta 8 cm de largo. Desarrolla muchos frutos de color rojo escarlata en forma de baya.<\/p>\n","protected":false},"featured_media":3173,"template":"","meta":{"_acf_changed":false},"product_brand":[],"product_cat":[8815,9232],"product_tag":[10899,8566,8500,8402,8410,8426],"class_list":{"0":"post-16284","1":"product","2":"type-product","3":"status-publish","4":"has-post-thumbnail","6":"product_cat-arboles-y-arbustos-persistentes","7":"product_cat-arboles-y-plantas-del-futuro","8":"product_tag-natural-es","9":"product_tag-medio-tallo","10":"product_tag-multitronco-con-copa-sombrilla","11":"product_tag-tallo-alto","12":"product_tag-tronco-alto-cono","13":"product_tag-tronco-alto-espaldera","14":"pa_altezza-massima-500-es","15":"pa_altezza-massima-800-es","16":"pa_colore-fioritura-blanco","17":"pa_condizionamento-bol","18":"pa_condizionamento-clt-es","19":"pa_condizionamento-placa","20":"pa_condizionamento-vs-es","21":"pa_famiglia-aquifoliaceae-es","22":"pa_genere-ilex-es","23":"pa_origine-origine-delle-piante-u-s-a-es","24":"pa_periodo-fioritura-junio","25":"pa_periodo-fioritura-mayo","26":"pa_periodo-fruttificazione-noviembre","27":"pa_portamento-conico-es","28":"pa_resistenza-climatica-muy-elevada","29":"pa_salinita-resistente-alla-salsedine-es","30":"pa_utilizzo-parques","31":"pa_utilizzo-pequenos-jardines","33":"first","34":"instock","35":"purchasable","36":"product-type-simple"},"acf":[],"_links":{"self":[{"href":"https:\/\/innocentiemangonipiante.it\/es\/wp-json\/wp\/v2\/product\/16284","targetHints":{"allow":["GET"]}}],"collection":[{"href":"https:\/\/innocentiemangonipiante.it\/es\/wp-json\/wp\/v2\/product"}],"about":[{"href":"https:\/\/innocentiemangonipiante.it\/es\/wp-json\/wp\/v2\/types\/product"}],"wp:featuredmedia":[{"embeddable":true,"href":"https:\/\/innocentiemangonipiante.it\/es\/wp-json\/wp\/v2\/media\/3173"}],"wp:attachment":[{"href":"https:\/\/innocentiemangonipiante.it\/es\/wp-json\/wp\/v2\/media?parent=16284"}],"wp:term":[{"taxonomy":"product_brand","embeddable":true,"href":"https:\/\/innocentiemangonipiante.it\/es\/wp-json\/wp\/v2\/product_brand?post=16284"},{"taxonomy":"product_cat","embeddable":true,"href":"https:\/\/innocentiemangonipiante.it\/es\/wp-json\/wp\/v2\/product_cat?post=16284"},{"taxonomy":"product_tag","embeddable":true,"href":"https:\/\/innocentiemangonipiante.it\/es\/wp-json\/wp\/v2\/product_tag?post=16284"}],"curies":[{"name":"wp","href":"https:\/\/api.w.org\/{rel}","templated":true}]}}