{"id":16288,"date":"2023-11-04T01:17:40","date_gmt":"2023-11-04T00:17:40","guid":{"rendered":"http:\/\/innocentiemangonipiante.it\/ilex-castaneifolia\/"},"modified":"2023-10-06T12:34:40","modified_gmt":"2023-10-06T10:34:40","slug":"ilex-castaneifolia","status":"publish","type":"product","link":"https:\/\/innocentiemangonipiante.it\/es\/ilex-castaneifolia\/","title":{"rendered":"ILEX castaneifolia"},"content":{"rendered":"<p>\u00c1rbol perennifolio de porte redondeado, hojas r\u00edgidas, el\u00edpticas de color verde oscuro con bordes dentelados. Produce una grande cantidad de bajas de color rojo oscuro.<\/p>\n","protected":false},"excerpt":{"rendered":"<p>\u00c1rbol perennifolio de porte redondeado, hojas r\u00edgidas, el\u00edpticas de color verde oscuro con bordes dentelados. Produce una grande cantidad de bajas de color rojo oscuro.<\/p>\n","protected":false},"featured_media":3148,"template":"","meta":{"_acf_changed":false},"product_brand":[],"product_cat":[8815],"product_tag":[10899,8566,8402,8426],"class_list":{"0":"post-16288","1":"product","2":"type-product","3":"status-publish","4":"has-post-thumbnail","6":"product_cat-arboles-y-arbustos-persistentes","7":"product_tag-natural-es","8":"product_tag-medio-tallo","9":"product_tag-tallo-alto","10":"product_tag-tronco-alto-espaldera","11":"pa_altezza-massima-800-es","12":"pa_altezza-massima-12-metros","13":"pa_colore-fioritura-blanco","14":"pa_condizionamento-clt-es","15":"pa_condizionamento-placa","16":"pa_condizionamento-vs-es","17":"pa_famiglia-aquifoliaceae-es","18":"pa_genere-ilex-es","19":"pa_origine-francia","20":"pa_periodo-fioritura-octubre","21":"pa_periodo-fioritura-septiembre","22":"pa_periodo-fruttificazione-diciembre","23":"pa_periodo-fruttificazione-noviembre","24":"pa_portamento-arrotondato-es","25":"pa_resistenza-climatica-muy-elevada","26":"pa_salinita-resistente-alla-salsedine-es","27":"pa_utilizzo-parques","28":"pa_utilizzo-pequenos-jardines","30":"first","31":"instock","32":"purchasable","33":"product-type-simple"},"acf":[],"_links":{"self":[{"href":"https:\/\/innocentiemangonipiante.it\/es\/wp-json\/wp\/v2\/product\/16288","targetHints":{"allow":["GET"]}}],"collection":[{"href":"https:\/\/innocentiemangonipiante.it\/es\/wp-json\/wp\/v2\/product"}],"about":[{"href":"https:\/\/innocentiemangonipiante.it\/es\/wp-json\/wp\/v2\/types\/product"}],"wp:featuredmedia":[{"embeddable":true,"href":"https:\/\/innocentiemangonipiante.it\/es\/wp-json\/wp\/v2\/media\/3148"}],"wp:attachment":[{"href":"https:\/\/innocentiemangonipiante.it\/es\/wp-json\/wp\/v2\/media?parent=16288"}],"wp:term":[{"taxonomy":"product_brand","embeddable":true,"href":"https:\/\/innocentiemangonipiante.it\/es\/wp-json\/wp\/v2\/product_brand?post=16288"},{"taxonomy":"product_cat","embeddable":true,"href":"https:\/\/innocentiemangonipiante.it\/es\/wp-json\/wp\/v2\/product_cat?post=16288"},{"taxonomy":"product_tag","embeddable":true,"href":"https:\/\/innocentiemangonipiante.it\/es\/wp-json\/wp\/v2\/product_tag?post=16288"}],"curies":[{"name":"wp","href":"https:\/\/api.w.org\/{rel}","templated":true}]}}