{"id":16289,"date":"2023-11-04T01:17:12","date_gmt":"2023-11-04T00:17:12","guid":{"rendered":"http:\/\/innocentiemangonipiante.it\/ilex-aquifolium-argenteomarginata\/"},"modified":"2023-10-06T12:34:35","modified_gmt":"2023-10-06T10:34:35","slug":"ilex-aquifolium-argenteomarginata","status":"publish","type":"product","link":"https:\/\/innocentiemangonipiante.it\/es\/ilex-aquifolium-argenteomarginata\/","title":{"rendered":"ILEX aquifolium &#8216;Argenteomarginata&#8217;"},"content":{"rendered":"<p>Arbusto perenne de porte denso y compacto. Las ramificaciones verdes, estriadas de crema, producen hojas ampliamente ovaladas, r\u00edgidas, espinosas, de color verde con amplios m\u00e1rgenes de color blanco-crema. Las hojas j\u00f3venes se coloran de rosa-p\u00farpura. Los ejemplares femeninos producen bayas de color rojo vivo.<\/p>\n","protected":false},"excerpt":{"rendered":"<p>Arbusto perenne de porte denso y compacto. Las ramificaciones verdes, estriadas de crema, producen hojas ampliamente ovaladas, r\u00edgidas, espinosas, de color verde con amplios m\u00e1rgenes de color blanco-crema. Las hojas j\u00f3venes se coloran de rosa-p\u00farpura. Los ejemplares femeninos producen bayas de color rojo vivo.<\/p>\n","protected":false},"featured_media":22554,"template":"","meta":{"_acf_changed":false},"product_brand":[],"product_cat":[8815],"product_tag":[10899,8706,8537,8737,8566,8402,8410,8422],"class_list":{"0":"post-16289","1":"product","2":"type-product","3":"status-publish","4":"has-post-thumbnail","6":"product_cat-arboles-y-arbustos-persistentes","7":"product_tag-natural-es","8":"product_tag-bola","9":"product_tag-cono-es","10":"product_tag-cuarto-de-tallo","11":"product_tag-medio-tallo","12":"product_tag-tallo-alto","13":"product_tag-tronco-alto-cono","14":"product_tag-tronco-alto-esfera","15":"pa_altezza-massima-1000-es-2","16":"pa_altezza-massima-15-metros","17":"pa_colore-delle-foglie-variegadas","18":"pa_colore-fioritura-blanco","19":"pa_condizionamento-clt-es","20":"pa_condizionamento-vs-es","21":"pa_famiglia-aquifoliaceae-es","22":"pa_genere-ilex-es","23":"pa_origine-asia-oriental","24":"pa_periodo-fioritura-octubre","25":"pa_periodo-fioritura-septiembre","26":"pa_periodo-fruttificazione-diciembre","27":"pa_periodo-fruttificazione-noviembre","28":"pa_portamento-de-columna-es","29":"pa_resistenza-climatica-muy-elevada","30":"pa_salinita-resistente-alla-salsedine-es","31":"pa_utilizzo-parques","32":"pa_utilizzo-pequenos-jardines","33":"pa_utilizzo-setos","35":"first","36":"instock","37":"purchasable","38":"product-type-simple"},"acf":[],"_links":{"self":[{"href":"https:\/\/innocentiemangonipiante.it\/es\/wp-json\/wp\/v2\/product\/16289","targetHints":{"allow":["GET"]}}],"collection":[{"href":"https:\/\/innocentiemangonipiante.it\/es\/wp-json\/wp\/v2\/product"}],"about":[{"href":"https:\/\/innocentiemangonipiante.it\/es\/wp-json\/wp\/v2\/types\/product"}],"wp:featuredmedia":[{"embeddable":true,"href":"https:\/\/innocentiemangonipiante.it\/es\/wp-json\/wp\/v2\/media\/22554"}],"wp:attachment":[{"href":"https:\/\/innocentiemangonipiante.it\/es\/wp-json\/wp\/v2\/media?parent=16289"}],"wp:term":[{"taxonomy":"product_brand","embeddable":true,"href":"https:\/\/innocentiemangonipiante.it\/es\/wp-json\/wp\/v2\/product_brand?post=16289"},{"taxonomy":"product_cat","embeddable":true,"href":"https:\/\/innocentiemangonipiante.it\/es\/wp-json\/wp\/v2\/product_cat?post=16289"},{"taxonomy":"product_tag","embeddable":true,"href":"https:\/\/innocentiemangonipiante.it\/es\/wp-json\/wp\/v2\/product_tag?post=16289"}],"curies":[{"name":"wp","href":"https:\/\/api.w.org\/{rel}","templated":true}]}}