{"id":16296,"date":"2023-11-04T01:21:29","date_gmt":"2023-11-04T00:21:29","guid":{"rendered":"http:\/\/innocentiemangonipiante.it\/jasminum-officinalis\/"},"modified":"2023-10-06T12:35:28","modified_gmt":"2023-10-06T10:35:28","slug":"jasminum-officinalis","status":"publish","type":"product","link":"https:\/\/innocentiemangonipiante.it\/es\/jasminum-officinalis\/","title":{"rendered":"JASMINUM officinalis"},"content":{"rendered":"<p>Trepador fuerte, le\u00f1oso, caduco, con hojas opuestas pinnadas, verdes, compuestas de 5-10 hojitas el\u00edpticas de hasta 6 cm de largo. Desde el verano hasta inicios de oto\u00f1o produce flores blancas, muy perfumadas, en yemas apicales en forma de paraguas de 5-6 flores.<\/p>\n","protected":false},"excerpt":{"rendered":"<p>Trepador fuerte, le\u00f1oso, caduco, con hojas opuestas pinnadas, verdes, compuestas de 5-10 hojitas el\u00edpticas de hasta 6 cm de largo. Desde el verano hasta inicios de oto\u00f1o produce flores blancas, muy perfumadas, en yemas apicales en forma de paraguas de 5-6 flores.<\/p>\n","protected":false},"featured_media":3194,"template":"","meta":{"_acf_changed":false},"product_brand":[],"product_cat":[8838],"product_tag":[10899],"class_list":{"0":"post-16296","1":"product","2":"type-product","3":"status-publish","4":"has-post-thumbnail","6":"product_cat-enredaderas","7":"product_tag-natural-es","8":"pa_altezza-massima-800-es","9":"pa_altezza-massima-12-metros","10":"pa_colore-fioritura-blanco","11":"pa_condizionamento-clt-es","12":"pa_condizionamento-vs-es","13":"pa_famiglia-oleaceae-es","14":"pa_genere-jasminum-es","15":"pa_origine-asia-es","16":"pa_periodo-fioritura-agosto-es","17":"pa_periodo-fioritura-julio","18":"pa_periodo-fioritura-junio","19":"pa_periodo-fioritura-septiembre","20":"pa_portamento-enredadera","21":"pa_resistenza-climatica-media-elevada","22":"pa_salinita-resistente-alla-salsedine-es","23":"pa_utilizzo-parques","25":"first","26":"instock","27":"purchasable","28":"product-type-simple"},"acf":[],"_links":{"self":[{"href":"https:\/\/innocentiemangonipiante.it\/es\/wp-json\/wp\/v2\/product\/16296","targetHints":{"allow":["GET"]}}],"collection":[{"href":"https:\/\/innocentiemangonipiante.it\/es\/wp-json\/wp\/v2\/product"}],"about":[{"href":"https:\/\/innocentiemangonipiante.it\/es\/wp-json\/wp\/v2\/types\/product"}],"wp:featuredmedia":[{"embeddable":true,"href":"https:\/\/innocentiemangonipiante.it\/es\/wp-json\/wp\/v2\/media\/3194"}],"wp:attachment":[{"href":"https:\/\/innocentiemangonipiante.it\/es\/wp-json\/wp\/v2\/media?parent=16296"}],"wp:term":[{"taxonomy":"product_brand","embeddable":true,"href":"https:\/\/innocentiemangonipiante.it\/es\/wp-json\/wp\/v2\/product_brand?post=16296"},{"taxonomy":"product_cat","embeddable":true,"href":"https:\/\/innocentiemangonipiante.it\/es\/wp-json\/wp\/v2\/product_cat?post=16296"},{"taxonomy":"product_tag","embeddable":true,"href":"https:\/\/innocentiemangonipiante.it\/es\/wp-json\/wp\/v2\/product_tag?post=16296"}],"curies":[{"name":"wp","href":"https:\/\/api.w.org\/{rel}","templated":true}]}}