{"id":16300,"date":"2023-11-04T01:22:15","date_gmt":"2023-11-04T00:22:15","guid":{"rendered":"http:\/\/innocentiemangonipiante.it\/juglans-regia\/"},"modified":"2023-10-06T12:35:38","modified_gmt":"2023-10-06T10:35:38","slug":"juglans-regia","status":"publish","type":"product","link":"https:\/\/innocentiemangonipiante.it\/es\/juglans-regia\/","title":{"rendered":"JUGLANS regia"},"content":{"rendered":"<p>\u00c1rbol caduco, fuerte, extendido, con hojas pinnadas, arom\u00e1ticas, de hasta 30 cm de largo, compuestas de 5-10 hojitas el\u00edpticas-ovaladas, l\u00facidas, de color bronce-p\u00farpura cuando son j\u00f3venes y despu\u00e9s verdes. Los frutos son esf\u00e9ricos, de hasta 3-5 cm de largo, comestibles.<\/p>\n","protected":false},"excerpt":{"rendered":"<p>\u00c1rbol caduco, fuerte, extendido, con hojas pinnadas, arom\u00e1ticas, de hasta 30 cm de largo, compuestas de 5-10 hojitas el\u00edpticas-ovaladas, l\u00facidas, de color bronce-p\u00farpura cuando son j\u00f3venes y despu\u00e9s verdes. Los frutos son esf\u00e9ricos, de hasta 3-5 cm de largo, comestibles.<\/p>\n","protected":false},"featured_media":3225,"template":"","meta":{"_acf_changed":false},"product_brand":[],"product_cat":[8814],"product_tag":[10899,8566,8402],"class_list":{"0":"post-16300","1":"product","2":"type-product","3":"status-publish","4":"has-post-thumbnail","6":"product_cat-arboles-y-arbustos-de-hoja-caduca","7":"product_tag-natural-es","8":"product_tag-medio-tallo","9":"product_tag-tallo-alto","10":"pa_altezza-massima-20-metros","11":"pa_altezza-massima-30-metros","12":"pa_arte-topiaria-disponible-planta-en-forma","13":"pa_colore-fioritura-amarillo","14":"pa_condizionamento-clt-es","15":"pa_condizionamento-placa","16":"pa_famiglia-juglandaceae-es","17":"pa_genere-juglans-es","18":"pa_origine-asia-es","19":"pa_origine-europa-mediterranea","20":"pa_periodo-fioritura-abril","21":"pa_periodo-fruttificazione-octubre","22":"pa_periodo-fruttificazione-septiembre","23":"pa_portamento-arrotondato-es","24":"pa_resistenza-climatica-muy-elevada","25":"pa_resistenza-del-suolo-resistente-a-la-humedad","26":"pa_resistenza-del-suolo-resistente-a-los-suelos-calcareos","27":"pa_salinita-resistente-alla-salsedine-es","28":"pa_utilizzo-parques","30":"first","31":"instock","32":"purchasable","33":"product-type-simple"},"acf":[],"_links":{"self":[{"href":"https:\/\/innocentiemangonipiante.it\/es\/wp-json\/wp\/v2\/product\/16300","targetHints":{"allow":["GET"]}}],"collection":[{"href":"https:\/\/innocentiemangonipiante.it\/es\/wp-json\/wp\/v2\/product"}],"about":[{"href":"https:\/\/innocentiemangonipiante.it\/es\/wp-json\/wp\/v2\/types\/product"}],"wp:featuredmedia":[{"embeddable":true,"href":"https:\/\/innocentiemangonipiante.it\/es\/wp-json\/wp\/v2\/media\/3225"}],"wp:attachment":[{"href":"https:\/\/innocentiemangonipiante.it\/es\/wp-json\/wp\/v2\/media?parent=16300"}],"wp:term":[{"taxonomy":"product_brand","embeddable":true,"href":"https:\/\/innocentiemangonipiante.it\/es\/wp-json\/wp\/v2\/product_brand?post=16300"},{"taxonomy":"product_cat","embeddable":true,"href":"https:\/\/innocentiemangonipiante.it\/es\/wp-json\/wp\/v2\/product_cat?post=16300"},{"taxonomy":"product_tag","embeddable":true,"href":"https:\/\/innocentiemangonipiante.it\/es\/wp-json\/wp\/v2\/product_tag?post=16300"}],"curies":[{"name":"wp","href":"https:\/\/api.w.org\/{rel}","templated":true}]}}