{"id":16312,"date":"2023-11-04T01:26:24","date_gmt":"2023-11-04T00:26:24","guid":{"rendered":"http:\/\/innocentiemangonipiante.it\/juniperus-x-pfitzeriana-pfitzeriana-aurea\/"},"modified":"2023-10-06T12:36:50","modified_gmt":"2023-10-06T10:36:50","slug":"juniperus-x-pfitzeriana-pfitzeriana-aurea","status":"publish","type":"product","link":"https:\/\/innocentiemangonipiante.it\/es\/juniperus-x-pfitzeriana-pfitzeriana-aurea\/","title":{"rendered":"JUNIPERUS x pfitzeriana &#8216;Pfitzeriana Aurea&#8217;"},"content":{"rendered":"<p>Arbusto extendido de crecimiento r\u00e1pido. Las hojas escuamiformes, punzantes, son de color amarillo-luminosos mientras son j\u00f3venes y despu\u00e9s de color verde-amarillo. Puede alcanzar una anchura de 4-5 mt.<\/p>\n","protected":false},"excerpt":{"rendered":"<p>Arbusto extendido de crecimiento r\u00e1pido. Las hojas escuamiformes, punzantes, son de color amarillo-luminosos mientras son j\u00f3venes y despu\u00e9s de color verde-amarillo. Puede alcanzar una anchura de 4-5 mt.<\/p>\n","protected":false},"featured_media":3347,"template":"","meta":{"_acf_changed":false},"product_brand":[],"product_cat":[8826],"product_tag":[10899,6253,8566],"class_list":{"0":"post-16312","1":"product","2":"type-product","3":"status-publish","4":"has-post-thumbnail","6":"product_cat-coniferas","7":"product_tag-natural-es","8":"product_tag-bonsai-es","9":"product_tag-medio-tallo","10":"pa_altezza-massima-200-es","11":"pa_altezza-massima-300-es","12":"pa_colore-delle-foglie-amarillas","13":"pa_condizionamento-bol","14":"pa_condizionamento-clt-es","15":"pa_condizionamento-vs-es","16":"pa_famiglia-cupressaceae-es","17":"pa_genere-juniperus-es","18":"pa_inquinamento-resistente-al-smog","19":"pa_origine-origine-delle-piante-u-s-a-es","20":"pa_portamento-cespuglioso-es","21":"pa_resistenza-climatica-muy-elevada","22":"pa_resistenza-del-suolo-resistente-a-los-suelos-calcareos","23":"pa_resistenza-del-suolo-resistente-a-los-suelos-secos","24":"pa_salinita-resistente-alla-salsedine-es","25":"pa_utilizzo-parques","26":"pa_utilizzo-pequenos-jardines","28":"first","29":"instock","30":"purchasable","31":"product-type-simple"},"acf":[],"_links":{"self":[{"href":"https:\/\/innocentiemangonipiante.it\/es\/wp-json\/wp\/v2\/product\/16312","targetHints":{"allow":["GET"]}}],"collection":[{"href":"https:\/\/innocentiemangonipiante.it\/es\/wp-json\/wp\/v2\/product"}],"about":[{"href":"https:\/\/innocentiemangonipiante.it\/es\/wp-json\/wp\/v2\/types\/product"}],"wp:featuredmedia":[{"embeddable":true,"href":"https:\/\/innocentiemangonipiante.it\/es\/wp-json\/wp\/v2\/media\/3347"}],"wp:attachment":[{"href":"https:\/\/innocentiemangonipiante.it\/es\/wp-json\/wp\/v2\/media?parent=16312"}],"wp:term":[{"taxonomy":"product_brand","embeddable":true,"href":"https:\/\/innocentiemangonipiante.it\/es\/wp-json\/wp\/v2\/product_brand?post=16312"},{"taxonomy":"product_cat","embeddable":true,"href":"https:\/\/innocentiemangonipiante.it\/es\/wp-json\/wp\/v2\/product_cat?post=16312"},{"taxonomy":"product_tag","embeddable":true,"href":"https:\/\/innocentiemangonipiante.it\/es\/wp-json\/wp\/v2\/product_tag?post=16312"}],"curies":[{"name":"wp","href":"https:\/\/api.w.org\/{rel}","templated":true}]}}