{"id":16329,"date":"2023-11-04T01:27:36","date_gmt":"2023-11-04T00:27:36","guid":{"rendered":"http:\/\/innocentiemangonipiante.it\/koelreuteria-paniculata\/"},"modified":"2023-10-06T12:37:05","modified_gmt":"2023-10-06T10:37:05","slug":"koelreuteria-paniculata","status":"publish","type":"product","link":"https:\/\/innocentiemangonipiante.it\/es\/koelreuteria-paniculata\/","title":{"rendered":"KOELREUTERIA paniculata"},"content":{"rendered":"<p>\u00c1rbol caduco con hojas verdes, pinnadas, de hasta 45 cm de largo, compuestas de 7-15 hojas m\u00e1s peque\u00f1as. Florece a mediados del verano, produce panojas de flores amarillas. A continuaci\u00f3n da frutos difuminados de rosa y rojo. Muy adaptada a sitios urbanos a condici\u00f3n de estar en posicci\u00f3n muy luminosa.<\/p>\n","protected":false},"excerpt":{"rendered":"<p>\u00c1rbol caduco con hojas verdes, pinnadas, de hasta 45 cm de largo, compuestas de 7-15 hojas m\u00e1s peque\u00f1as. Florece a mediados del verano, produce panojas de flores amarillas. A continuaci\u00f3n da frutos difuminados de rosa y rojo. Muy adaptada a sitios urbanos a condici\u00f3n de estar en posicci\u00f3n muy luminosa.<\/p>\n","protected":false},"featured_media":3375,"template":"","meta":{"_acf_changed":false},"product_brand":[],"product_cat":[8814,9232],"product_tag":[10899,8598,8402],"class_list":{"0":"post-16329","1":"product","2":"type-product","3":"status-publish","4":"has-post-thumbnail","6":"product_cat-arboles-y-arbustos-de-hoja-caduca","7":"product_cat-arboles-y-plantas-del-futuro","8":"product_tag-natural-es","9":"product_tag-multitronco-es-2","10":"product_tag-tallo-alto","11":"pa_altezza-massima-800-es","12":"pa_altezza-massima-1000-es-2","13":"pa_colore-fioritura-amarillo","14":"pa_condizionamento-clt-es","15":"pa_condizionamento-placa","16":"pa_condizionamento-vs-es","17":"pa_famiglia-sapindaceae-es","18":"pa_genere-koelreuteria-es","19":"pa_inquinamento-resistente-al-smog","20":"pa_origine-asia-oriental","21":"pa_periodo-fioritura-agosto-es","22":"pa_periodo-fioritura-septiembre","23":"pa_periodo-fruttificazione-octubre","24":"pa_portamento-arrotondato-es","25":"pa_resistenza-climatica-muy-elevada","26":"pa_resistenza-del-suolo-resistente-a-los-suelos-calcareos","27":"pa_resistenza-del-suolo-resistente-a-los-suelos-secos","28":"pa_utilizzo-parques","29":"pa_utilizzo-pequenos-jardines","31":"first","32":"instock","33":"purchasable","34":"product-type-simple"},"acf":[],"_links":{"self":[{"href":"https:\/\/innocentiemangonipiante.it\/es\/wp-json\/wp\/v2\/product\/16329","targetHints":{"allow":["GET"]}}],"collection":[{"href":"https:\/\/innocentiemangonipiante.it\/es\/wp-json\/wp\/v2\/product"}],"about":[{"href":"https:\/\/innocentiemangonipiante.it\/es\/wp-json\/wp\/v2\/types\/product"}],"wp:featuredmedia":[{"embeddable":true,"href":"https:\/\/innocentiemangonipiante.it\/es\/wp-json\/wp\/v2\/media\/3375"}],"wp:attachment":[{"href":"https:\/\/innocentiemangonipiante.it\/es\/wp-json\/wp\/v2\/media?parent=16329"}],"wp:term":[{"taxonomy":"product_brand","embeddable":true,"href":"https:\/\/innocentiemangonipiante.it\/es\/wp-json\/wp\/v2\/product_brand?post=16329"},{"taxonomy":"product_cat","embeddable":true,"href":"https:\/\/innocentiemangonipiante.it\/es\/wp-json\/wp\/v2\/product_cat?post=16329"},{"taxonomy":"product_tag","embeddable":true,"href":"https:\/\/innocentiemangonipiante.it\/es\/wp-json\/wp\/v2\/product_tag?post=16329"}],"curies":[{"name":"wp","href":"https:\/\/api.w.org\/{rel}","templated":true}]}}