{"id":16335,"date":"2023-11-04T01:28:10","date_gmt":"2023-11-04T00:28:10","guid":{"rendered":"http:\/\/innocentiemangonipiante.it\/laburnum-anagyroides\/"},"modified":"2023-10-06T12:37:13","modified_gmt":"2023-10-06T10:37:13","slug":"laburnum-anagyroides","status":"publish","type":"product","link":"https:\/\/innocentiemangonipiante.it\/es\/laburnum-anagyroides\/","title":{"rendered":"LABURNUM anagyroides"},"content":{"rendered":"<p>\u00c1rbol con brotes j\u00f3venes de color gris-verde. Las hojas son de color verde oscuro, constituidas por 3 hojitas. Las flores, al m\u00e1ximo de 30 cm de largo, son amarillas y se producen a principios del verano.<\/p>\n","protected":false},"excerpt":{"rendered":"<p>\u00c1rbol con brotes j\u00f3venes de color gris-verde. Las hojas son de color verde oscuro, constituidas por 3 hojitas. Las flores, al m\u00e1ximo de 30 cm de largo, son amarillas y se producen a principios del verano.<\/p>\n","protected":false},"featured_media":3444,"template":"","meta":{"_acf_changed":false},"product_brand":[],"product_cat":[8814],"product_tag":[10899,8566,8402],"class_list":{"0":"post-16335","1":"product","2":"type-product","3":"status-publish","4":"has-post-thumbnail","6":"product_cat-arboles-y-arbustos-de-hoja-caduca","7":"product_tag-natural-es","8":"product_tag-medio-tallo","9":"product_tag-tallo-alto","10":"pa_altezza-massima-500-es","11":"pa_altezza-massima-800-es","12":"pa_colore-fioritura-amarillo","13":"pa_condizionamento-clt-es","14":"pa_famiglia-leguminosae-es","15":"pa_genere-laburnum-es","16":"pa_inquinamento-resistente-al-smog","17":"pa_origine-europa-mediterranea","18":"pa_periodo-fioritura-junio","19":"pa_portamento-eretto-es","20":"pa_resistenza-climatica-muy-elevada","21":"pa_resistenza-del-suolo-resistente-a-los-suelos-calcareos","22":"pa_resistenza-del-suolo-resistente-a-los-suelos-secos","23":"pa_utilizzo-parques","24":"pa_utilizzo-pequenos-jardines","26":"first","27":"instock","28":"purchasable","29":"product-type-simple"},"acf":[],"_links":{"self":[{"href":"https:\/\/innocentiemangonipiante.it\/es\/wp-json\/wp\/v2\/product\/16335","targetHints":{"allow":["GET"]}}],"collection":[{"href":"https:\/\/innocentiemangonipiante.it\/es\/wp-json\/wp\/v2\/product"}],"about":[{"href":"https:\/\/innocentiemangonipiante.it\/es\/wp-json\/wp\/v2\/types\/product"}],"wp:featuredmedia":[{"embeddable":true,"href":"https:\/\/innocentiemangonipiante.it\/es\/wp-json\/wp\/v2\/media\/3444"}],"wp:attachment":[{"href":"https:\/\/innocentiemangonipiante.it\/es\/wp-json\/wp\/v2\/media?parent=16335"}],"wp:term":[{"taxonomy":"product_brand","embeddable":true,"href":"https:\/\/innocentiemangonipiante.it\/es\/wp-json\/wp\/v2\/product_brand?post=16335"},{"taxonomy":"product_cat","embeddable":true,"href":"https:\/\/innocentiemangonipiante.it\/es\/wp-json\/wp\/v2\/product_cat?post=16335"},{"taxonomy":"product_tag","embeddable":true,"href":"https:\/\/innocentiemangonipiante.it\/es\/wp-json\/wp\/v2\/product_tag?post=16335"}],"curies":[{"name":"wp","href":"https:\/\/api.w.org\/{rel}","templated":true}]}}