{"id":16372,"date":"2023-11-04T01:33:51","date_gmt":"2023-11-04T00:33:51","guid":{"rendered":"http:\/\/innocentiemangonipiante.it\/lagerstroemia-x-caroline-beauty\/"},"modified":"2023-10-06T12:39:08","modified_gmt":"2023-10-06T10:39:08","slug":"lagerstroemia-x-caroline-beauty","status":"publish","type":"product","link":"https:\/\/innocentiemangonipiante.it\/es\/lagerstroemia-x-caroline-beauty\/","title":{"rendered":"LAGERSTROEMIA x &#8216;Caroline Beauty&#8217;"},"content":{"rendered":"<p>Porte erguido. A partir de mediados de julio produce muchas flores de color rojo (aproximadamente 65 d\u00edas), bonita coloraci\u00f3n anaranjado en oto\u00f1o.<\/p>\n","protected":false},"excerpt":{"rendered":"<p>Porte erguido. A partir de mediados de julio produce muchas flores de color rojo (aproximadamente 65 d\u00edas), bonita coloraci\u00f3n anaranjado en oto\u00f1o.<\/p>\n","protected":false},"featured_media":47741,"template":"","meta":{"_acf_changed":false},"product_brand":[],"product_cat":[8814],"product_tag":[10899,8566,8402],"class_list":{"0":"post-16372","1":"product","2":"type-product","3":"status-publish","4":"has-post-thumbnail","6":"product_cat-arboles-y-arbustos-de-hoja-caduca","7":"product_tag-natural-es","8":"product_tag-medio-tallo","9":"product_tag-tallo-alto","10":"pa_altezza-massima-300-es","11":"pa_altezza-massima-500-es","12":"pa_colore-fioritura-rojo","13":"pa_condizionamento-clt-es","14":"pa_condizionamento-vs-es","15":"pa_famiglia-lythraceae-es","16":"pa_genere-lagerstroemia-es","17":"pa_origine-origine-delle-piante-u-s-a-es","18":"pa_periodo-fioritura-agosto-es","19":"pa_periodo-fioritura-julio","20":"pa_portamento-eretto-es","21":"pa_resistenza-climatica-media","22":"pa_resistenza-del-suolo-resistente-a-los-suelos-secos","23":"pa_salinita-resistente-alla-salsedine-es","24":"pa_utilizzo-pequenos-jardines","26":"first","27":"instock","28":"purchasable","29":"product-type-simple"},"acf":[],"_links":{"self":[{"href":"https:\/\/innocentiemangonipiante.it\/es\/wp-json\/wp\/v2\/product\/16372","targetHints":{"allow":["GET"]}}],"collection":[{"href":"https:\/\/innocentiemangonipiante.it\/es\/wp-json\/wp\/v2\/product"}],"about":[{"href":"https:\/\/innocentiemangonipiante.it\/es\/wp-json\/wp\/v2\/types\/product"}],"wp:featuredmedia":[{"embeddable":true,"href":"https:\/\/innocentiemangonipiante.it\/es\/wp-json\/wp\/v2\/media\/47741"}],"wp:attachment":[{"href":"https:\/\/innocentiemangonipiante.it\/es\/wp-json\/wp\/v2\/media?parent=16372"}],"wp:term":[{"taxonomy":"product_brand","embeddable":true,"href":"https:\/\/innocentiemangonipiante.it\/es\/wp-json\/wp\/v2\/product_brand?post=16372"},{"taxonomy":"product_cat","embeddable":true,"href":"https:\/\/innocentiemangonipiante.it\/es\/wp-json\/wp\/v2\/product_cat?post=16372"},{"taxonomy":"product_tag","embeddable":true,"href":"https:\/\/innocentiemangonipiante.it\/es\/wp-json\/wp\/v2\/product_tag?post=16372"}],"curies":[{"name":"wp","href":"https:\/\/api.w.org\/{rel}","templated":true}]}}