{"id":16380,"date":"2023-11-04T01:36:42","date_gmt":"2023-11-04T00:36:42","guid":{"rendered":"http:\/\/innocentiemangonipiante.it\/lespedeza-thunbergii\/"},"modified":"2023-10-06T12:39:37","modified_gmt":"2023-10-06T10:39:37","slug":"lespedeza-thunbergii","status":"publish","type":"product","link":"https:\/\/innocentiemangonipiante.it\/es\/lespedeza-thunbergii\/","title":{"rendered":"LESPEDEZA thunbergii"},"content":{"rendered":"<p>Planta perenne con brotes largos y curvos. Las hojas son palmeadas, de 3 l\u00f3bulos, de color verde-azul, compuestas de hojitas ovales. Al inicio del oto\u00f1o aparecen flores rosas-p\u00farpuras.<\/p>\n","protected":false},"excerpt":{"rendered":"<p>Planta perenne con brotes largos y curvos. Las hojas son palmeadas, de 3 l\u00f3bulos, de color verde-azul, compuestas de hojitas ovales. Al inicio del oto\u00f1o aparecen flores rosas-p\u00farpuras.<\/p>\n","protected":false},"featured_media":3677,"template":"","meta":{"_acf_changed":false},"product_brand":[],"product_cat":[8814],"product_tag":[10899],"class_list":{"0":"post-16380","1":"product","2":"type-product","3":"status-publish","4":"has-post-thumbnail","6":"product_cat-arboles-y-arbustos-de-hoja-caduca","7":"product_tag-natural-es","8":"pa_altezza-massima-150-es","9":"pa_altezza-massima-200-es","10":"pa_colore-fioritura-rosado","11":"pa_condizionamento-clt-es","12":"pa_famiglia-leguminosae-es","13":"pa_genere-lespedeza-es","14":"pa_origine-asia-oriental","15":"pa_periodo-fioritura-octubre","16":"pa_portamento-allargato-es","17":"pa_resistenza-climatica-muy-elevada","18":"pa_resistenza-del-suolo-resistente-a-los-suelos-secos","19":"pa_utilizzo-balcones","20":"pa_utilizzo-pequenos-jardines","22":"first","23":"instock","24":"purchasable","25":"product-type-simple"},"acf":[],"_links":{"self":[{"href":"https:\/\/innocentiemangonipiante.it\/es\/wp-json\/wp\/v2\/product\/16380","targetHints":{"allow":["GET"]}}],"collection":[{"href":"https:\/\/innocentiemangonipiante.it\/es\/wp-json\/wp\/v2\/product"}],"about":[{"href":"https:\/\/innocentiemangonipiante.it\/es\/wp-json\/wp\/v2\/types\/product"}],"wp:featuredmedia":[{"embeddable":true,"href":"https:\/\/innocentiemangonipiante.it\/es\/wp-json\/wp\/v2\/media\/3677"}],"wp:attachment":[{"href":"https:\/\/innocentiemangonipiante.it\/es\/wp-json\/wp\/v2\/media?parent=16380"}],"wp:term":[{"taxonomy":"product_brand","embeddable":true,"href":"https:\/\/innocentiemangonipiante.it\/es\/wp-json\/wp\/v2\/product_brand?post=16380"},{"taxonomy":"product_cat","embeddable":true,"href":"https:\/\/innocentiemangonipiante.it\/es\/wp-json\/wp\/v2\/product_cat?post=16380"},{"taxonomy":"product_tag","embeddable":true,"href":"https:\/\/innocentiemangonipiante.it\/es\/wp-json\/wp\/v2\/product_tag?post=16380"}],"curies":[{"name":"wp","href":"https:\/\/api.w.org\/{rel}","templated":true}]}}