{"id":16387,"date":"2023-11-04T01:38:07","date_gmt":"2023-11-04T00:38:07","guid":{"rendered":"http:\/\/innocentiemangonipiante.it\/ligustrum-lucidum-excelsum-superbum\/"},"modified":"2023-10-06T12:39:55","modified_gmt":"2023-10-06T10:39:55","slug":"ligustrum-lucidum-excelsum-superbum","status":"publish","type":"product","link":"https:\/\/innocentiemangonipiante.it\/es\/ligustrum-lucidum-excelsum-superbum\/","title":{"rendered":"LIGUSTRUM lucidum &#8216;Excelsum Superbum&#8217;"},"content":{"rendered":"<p>\u00c1rbol o arbusto perenne con hojas ovadas o ovales de color verde brillante oscuro con m\u00e1rgenes amarillos. En la fin del verano aparecen flores blancas con forma de panoja. A continuaci\u00f3n frutos ovoidales de color azul-negro.<\/p>\n","protected":false},"excerpt":{"rendered":"<p>\u00c1rbol o arbusto perenne con hojas ovadas o ovales de color verde brillante oscuro con m\u00e1rgenes amarillos. En la fin del verano aparecen flores blancas con forma de panoja. A continuaci\u00f3n frutos ovoidales de color azul-negro.<\/p>\n","protected":false},"featured_media":3695,"template":"","meta":{"_acf_changed":false},"product_brand":[],"product_cat":[8815],"product_tag":[10899,8582,8566,8402],"class_list":{"0":"post-16387","1":"product","2":"type-product","3":"status-publish","4":"has-post-thumbnail","6":"product_cat-arboles-y-arbustos-persistentes","7":"product_tag-natural-es","8":"product_tag-espaldera-de-medio-tallo","9":"product_tag-medio-tallo","10":"product_tag-tallo-alto","11":"pa_altezza-massima-800-es","12":"pa_altezza-massima-1000-es-2","13":"pa_colore-delle-foglie-variegadas","14":"pa_colore-fioritura-blanco","15":"pa_condizionamento-clt-es","16":"pa_condizionamento-placa","17":"pa_famiglia-oleaceae-es","18":"pa_genere-ligustrum-es","19":"pa_inquinamento-resistente-al-smog","20":"pa_origine-asia-oriental","21":"pa_periodo-fioritura-agosto-es","22":"pa_portamento-conico-es","23":"pa_profumo-intenso-es","24":"pa_resistenza-climatica-media-elevada","25":"pa_resistenza-del-suolo-resistente-a-los-suelos-calcareos","26":"pa_resistenza-del-suolo-resistente-a-los-suelos-secos","27":"pa_salinita-resistente-alla-salsedine-es","28":"pa_utilizzo-balcones","29":"pa_utilizzo-pequenos-jardines","30":"pa_utilizzo-setos","32":"first","33":"instock","34":"purchasable","35":"product-type-simple"},"acf":[],"_links":{"self":[{"href":"https:\/\/innocentiemangonipiante.it\/es\/wp-json\/wp\/v2\/product\/16387","targetHints":{"allow":["GET"]}}],"collection":[{"href":"https:\/\/innocentiemangonipiante.it\/es\/wp-json\/wp\/v2\/product"}],"about":[{"href":"https:\/\/innocentiemangonipiante.it\/es\/wp-json\/wp\/v2\/types\/product"}],"wp:featuredmedia":[{"embeddable":true,"href":"https:\/\/innocentiemangonipiante.it\/es\/wp-json\/wp\/v2\/media\/3695"}],"wp:attachment":[{"href":"https:\/\/innocentiemangonipiante.it\/es\/wp-json\/wp\/v2\/media?parent=16387"}],"wp:term":[{"taxonomy":"product_brand","embeddable":true,"href":"https:\/\/innocentiemangonipiante.it\/es\/wp-json\/wp\/v2\/product_brand?post=16387"},{"taxonomy":"product_cat","embeddable":true,"href":"https:\/\/innocentiemangonipiante.it\/es\/wp-json\/wp\/v2\/product_cat?post=16387"},{"taxonomy":"product_tag","embeddable":true,"href":"https:\/\/innocentiemangonipiante.it\/es\/wp-json\/wp\/v2\/product_tag?post=16387"}],"curies":[{"name":"wp","href":"https:\/\/api.w.org\/{rel}","templated":true}]}}