{"id":16392,"date":"2023-11-04T01:40:47","date_gmt":"2023-11-04T00:40:47","guid":{"rendered":"http:\/\/innocentiemangonipiante.it\/liquidambar-styraciflua-worplesdon\/"},"modified":"2023-10-06T12:40:49","modified_gmt":"2023-10-06T10:40:49","slug":"liquidambar-styraciflua-worplesdon","status":"publish","type":"product","link":"https:\/\/innocentiemangonipiante.it\/es\/liquidambar-styraciflua-worplesdon\/","title":{"rendered":"LIQUIDAMBAR styraciflua &#8216;Worplesdon&#8217;"},"content":{"rendered":"<p>Hojas profundamente lobadas, que vuelven en p\u00farpura despu\u00e9s amarillo-naranja en oto\u00f1o.<\/p>\n","protected":false},"excerpt":{"rendered":"<p>Hojas profundamente lobadas, que vuelven en p\u00farpura despu\u00e9s amarillo-naranja en oto\u00f1o.<\/p>\n","protected":false},"featured_media":3763,"template":"","meta":{"_acf_changed":false},"product_brand":[],"product_cat":[8814],"product_tag":[10899,8598,10903,8402],"class_list":{"0":"post-16392","1":"product","2":"type-product","3":"status-publish","4":"has-post-thumbnail","6":"product_cat-arboles-y-arbustos-de-hoja-caduca","7":"product_tag-natural-es","8":"product_tag-multitronco-es-2","9":"product_tag-recepado","10":"product_tag-tallo-alto","11":"pa_altezza-massima-800-es","12":"pa_altezza-massima-12-metros","13":"pa_colore-fioritura-amarillo","14":"pa_condizionamento-clt-es","15":"pa_condizionamento-placa","16":"pa_condizionamento-vs-es","17":"pa_famiglia-hamamelidaceae-es","18":"pa_genere-liquidambar-es","19":"pa_origine-inglaterra","20":"pa_periodo-fioritura-abril","21":"pa_periodo-fioritura-marzo-es","22":"pa_portamento-piramidale-es","23":"pa_resistenza-climatica-muy-elevada","24":"pa_resistenza-del-suolo-resistente-a-la-humedad","25":"pa_resistenza-del-suolo-resistente-a-los-suelos-calcareos","26":"pa_utilizzo-avenidas","27":"pa_utilizzo-parques","29":"first","30":"instock","31":"purchasable","32":"product-type-simple"},"acf":[],"_links":{"self":[{"href":"https:\/\/innocentiemangonipiante.it\/es\/wp-json\/wp\/v2\/product\/16392","targetHints":{"allow":["GET"]}}],"collection":[{"href":"https:\/\/innocentiemangonipiante.it\/es\/wp-json\/wp\/v2\/product"}],"about":[{"href":"https:\/\/innocentiemangonipiante.it\/es\/wp-json\/wp\/v2\/types\/product"}],"wp:featuredmedia":[{"embeddable":true,"href":"https:\/\/innocentiemangonipiante.it\/es\/wp-json\/wp\/v2\/media\/3763"}],"wp:attachment":[{"href":"https:\/\/innocentiemangonipiante.it\/es\/wp-json\/wp\/v2\/media?parent=16392"}],"wp:term":[{"taxonomy":"product_brand","embeddable":true,"href":"https:\/\/innocentiemangonipiante.it\/es\/wp-json\/wp\/v2\/product_brand?post=16392"},{"taxonomy":"product_cat","embeddable":true,"href":"https:\/\/innocentiemangonipiante.it\/es\/wp-json\/wp\/v2\/product_cat?post=16392"},{"taxonomy":"product_tag","embeddable":true,"href":"https:\/\/innocentiemangonipiante.it\/es\/wp-json\/wp\/v2\/product_tag?post=16392"}],"curies":[{"name":"wp","href":"https:\/\/api.w.org\/{rel}","templated":true}]}}