{"id":16395,"date":"2023-11-04T01:40:08","date_gmt":"2023-11-04T00:40:08","guid":{"rendered":"http:\/\/innocentiemangonipiante.it\/liquidambar-styraciflua-paarl\/"},"modified":"2023-10-06T12:40:40","modified_gmt":"2023-10-06T10:40:40","slug":"liquidambar-styraciflua-paarl","status":"publish","type":"product","link":"https:\/\/innocentiemangonipiante.it\/es\/liquidambar-styraciflua-paarl\/","title":{"rendered":"LIQUIDAMBAR styraciflua &#8216;Paarl&#8217; \u00ae"},"content":{"rendered":"<p>Su porte piramidal hacen de este \u00e1rbol una excelente opci\u00f3n para su uso en calles y avenidas, sin renunciar a la est\u00e9tica de su corteza rugosa y a una esp\u00e9ndida coloraci\u00f3n oto\u00f1al.<\/p>\n","protected":false},"excerpt":{"rendered":"<p>Su porte piramidal hacen de este \u00e1rbol una excelente opci\u00f3n para su uso en calles y avenidas, sin renunciar a la est\u00e9tica de su corteza rugosa y a una esp\u00e9ndida coloraci\u00f3n oto\u00f1al.<\/p>\n","protected":false},"featured_media":49121,"template":"","meta":{"_acf_changed":false},"product_brand":[],"product_cat":[8814,9232],"product_tag":[10899,10903,8402],"class_list":{"0":"post-16395","1":"product","2":"type-product","3":"status-publish","4":"has-post-thumbnail","6":"product_cat-arboles-y-arbustos-de-hoja-caduca","7":"product_cat-arboles-y-plantas-del-futuro","8":"product_tag-natural-es","9":"product_tag-recepado","10":"product_tag-tallo-alto","11":"pa_altezza-massima-1000-es-2","12":"pa_altezza-massima-15-metros","13":"pa_colore-fioritura-blanco","14":"pa_condizionamento-clt-es","15":"pa_condizionamento-placa","16":"pa_condizionamento-vs-es","17":"pa_famiglia-hamamelidaceae-es","18":"pa_genere-liquidambar-es","19":"pa_origine-origine-delle-piante-u-s-a-es","20":"pa_periodo-fioritura-abril","21":"pa_periodo-fioritura-marzo-es","22":"pa_portamento-piramidale-es","23":"pa_resistenza-climatica-muy-elevada","24":"pa_resistenza-del-suolo-resistente-a-la-humedad","25":"pa_resistenza-del-suolo-resistente-a-los-suelos-calcareos","26":"pa_utilizzo-avenidas","28":"first","29":"instock","30":"purchasable","31":"product-type-simple"},"acf":[],"_links":{"self":[{"href":"https:\/\/innocentiemangonipiante.it\/es\/wp-json\/wp\/v2\/product\/16395","targetHints":{"allow":["GET"]}}],"collection":[{"href":"https:\/\/innocentiemangonipiante.it\/es\/wp-json\/wp\/v2\/product"}],"about":[{"href":"https:\/\/innocentiemangonipiante.it\/es\/wp-json\/wp\/v2\/types\/product"}],"wp:featuredmedia":[{"embeddable":true,"href":"https:\/\/innocentiemangonipiante.it\/es\/wp-json\/wp\/v2\/media\/49121"}],"wp:attachment":[{"href":"https:\/\/innocentiemangonipiante.it\/es\/wp-json\/wp\/v2\/media?parent=16395"}],"wp:term":[{"taxonomy":"product_brand","embeddable":true,"href":"https:\/\/innocentiemangonipiante.it\/es\/wp-json\/wp\/v2\/product_brand?post=16395"},{"taxonomy":"product_cat","embeddable":true,"href":"https:\/\/innocentiemangonipiante.it\/es\/wp-json\/wp\/v2\/product_cat?post=16395"},{"taxonomy":"product_tag","embeddable":true,"href":"https:\/\/innocentiemangonipiante.it\/es\/wp-json\/wp\/v2\/product_tag?post=16395"}],"curies":[{"name":"wp","href":"https:\/\/api.w.org\/{rel}","templated":true}]}}