{"id":16397,"date":"2023-11-04T01:39:34","date_gmt":"2023-11-04T00:39:34","guid":{"rendered":"http:\/\/innocentiemangonipiante.it\/liquidambar-styraciflua-golden-sun\/"},"modified":"2023-10-06T12:40:09","modified_gmt":"2023-10-06T10:40:09","slug":"liquidambar-styraciflua-golden-sun","status":"publish","type":"product","link":"https:\/\/innocentiemangonipiante.it\/es\/liquidambar-styraciflua-golden-sun\/","title":{"rendered":"LIQUIDAMBAR styraciflua &#8216;Golden Sun&#8217;"},"content":{"rendered":"<p>\u00c1rbol muy decorativo por su corteza amarillo dorada que contrasta con el color verde de sus hojas. Tambi\u00e9n en oto\u00f1o tiene una bell\u00edsima coloraci\u00f3n gracias a la explosi\u00f3n de infinitos tonos y contrastes.<\/p>\n","protected":false},"excerpt":{"rendered":"<p>\u00c1rbol muy decorativo por su corteza amarillo dorada que contrasta con el color verde de sus hojas. Tambi\u00e9n en oto\u00f1o tiene una bell\u00edsima coloraci\u00f3n gracias a la explosi\u00f3n de infinitos tonos y contrastes.<\/p>\n","protected":false},"featured_media":48997,"template":"","meta":{"_acf_changed":false},"product_brand":[],"product_cat":[8814],"product_tag":[10899,10903],"class_list":{"0":"post-16397","1":"product","2":"type-product","3":"status-publish","4":"has-post-thumbnail","6":"product_cat-arboles-y-arbustos-de-hoja-caduca","7":"product_tag-natural-es","8":"product_tag-recepado","9":"pa_altezza-massima-800-es","10":"pa_altezza-massima-1000-es-2","11":"pa_colore-fioritura-blanco","12":"pa_condizionamento-placa","13":"pa_condizionamento-vs-es","14":"pa_famiglia-hamamelidaceae-es","15":"pa_genere-liquidambar-es","16":"pa_origine-origine-delle-piante-u-s-a-es","17":"pa_periodo-fioritura-abril","18":"pa_periodo-fioritura-marzo-es","19":"pa_portamento-conico-es","20":"pa_resistenza-climatica-muy-elevada","21":"pa_resistenza-del-suolo-resistente-a-la-humedad","22":"pa_resistenza-del-suolo-resistente-a-los-suelos-calcareos","23":"pa_utilizzo-avenidas","24":"pa_utilizzo-parques","26":"first","27":"instock","28":"purchasable","29":"product-type-simple"},"acf":[],"_links":{"self":[{"href":"https:\/\/innocentiemangonipiante.it\/es\/wp-json\/wp\/v2\/product\/16397","targetHints":{"allow":["GET"]}}],"collection":[{"href":"https:\/\/innocentiemangonipiante.it\/es\/wp-json\/wp\/v2\/product"}],"about":[{"href":"https:\/\/innocentiemangonipiante.it\/es\/wp-json\/wp\/v2\/types\/product"}],"wp:featuredmedia":[{"embeddable":true,"href":"https:\/\/innocentiemangonipiante.it\/es\/wp-json\/wp\/v2\/media\/48997"}],"wp:attachment":[{"href":"https:\/\/innocentiemangonipiante.it\/es\/wp-json\/wp\/v2\/media?parent=16397"}],"wp:term":[{"taxonomy":"product_brand","embeddable":true,"href":"https:\/\/innocentiemangonipiante.it\/es\/wp-json\/wp\/v2\/product_brand?post=16397"},{"taxonomy":"product_cat","embeddable":true,"href":"https:\/\/innocentiemangonipiante.it\/es\/wp-json\/wp\/v2\/product_cat?post=16397"},{"taxonomy":"product_tag","embeddable":true,"href":"https:\/\/innocentiemangonipiante.it\/es\/wp-json\/wp\/v2\/product_tag?post=16397"}],"curies":[{"name":"wp","href":"https:\/\/api.w.org\/{rel}","templated":true}]}}