{"id":16428,"date":"2023-11-04T01:47:56","date_gmt":"2023-11-04T00:47:56","guid":{"rendered":"http:\/\/innocentiemangonipiante.it\/magnolia-x-susan\/"},"modified":"2023-10-06T12:42:37","modified_gmt":"2023-10-06T10:42:37","slug":"magnolia-x-susan","status":"publish","type":"product","link":"https:\/\/innocentiemangonipiante.it\/es\/magnolia-x-susan\/","title":{"rendered":"MAGNOLIA x &#8216;Susan&#8217;"},"content":{"rendered":"<p>Arbusto caduco de porte erguido. Las hojas son ovaladas, de color verde. Empieza a florecer a mediados de primavera y produce flores en forma de c\u00e1liz estrecho y con p\u00e9talos ligeramente torcidos, de color rojo p\u00farpura, m\u00e1s claros en la parte interna.<\/p>\n","protected":false},"excerpt":{"rendered":"<p>Arbusto caduco de porte erguido. Las hojas son ovaladas, de color verde. Empieza a florecer a mediados de primavera y produce flores en forma de c\u00e1liz estrecho y con p\u00e9talos ligeramente torcidos, de color rojo p\u00farpura, m\u00e1s claros en la parte interna.<\/p>\n","protected":false},"featured_media":3950,"template":"","meta":{"_acf_changed":false},"product_brand":[],"product_cat":[8815],"product_tag":[10899,8737,8566,8500,8402],"class_list":{"0":"post-16428","1":"product","2":"type-product","3":"status-publish","4":"has-post-thumbnail","6":"product_cat-arboles-y-arbustos-persistentes","7":"product_tag-natural-es","8":"product_tag-cuarto-de-tallo","9":"product_tag-medio-tallo","10":"product_tag-multitronco-con-copa-sombrilla","11":"product_tag-tallo-alto","12":"pa_altezza-massima-300-es","13":"pa_altezza-massima-500-es","14":"pa_colore-fioritura-rosado","15":"pa_condizionamento-bol","16":"pa_condizionamento-clt-es","17":"pa_condizionamento-florero-cuadrado","18":"pa_condizionamento-placa","19":"pa_condizionamento-vs-es","20":"pa_famiglia-magnoliaceae-es","21":"pa_genere-magnolia-es","22":"pa_origine-origine-delle-piante-u-s-a-es","23":"pa_periodo-fioritura-abril","24":"pa_periodo-fioritura-marzo-es","25":"pa_portamento-eretto-es","26":"pa_profumo-delicato-es","27":"pa_resistenza-climatica-muy-elevada","28":"pa_resistenza-del-suolo-resistente-a-la-humedad","29":"pa_utilizzo-parques","30":"pa_utilizzo-pequenos-jardines","32":"first","33":"instock","34":"purchasable","35":"product-type-simple"},"acf":[],"_links":{"self":[{"href":"https:\/\/innocentiemangonipiante.it\/es\/wp-json\/wp\/v2\/product\/16428","targetHints":{"allow":["GET"]}}],"collection":[{"href":"https:\/\/innocentiemangonipiante.it\/es\/wp-json\/wp\/v2\/product"}],"about":[{"href":"https:\/\/innocentiemangonipiante.it\/es\/wp-json\/wp\/v2\/types\/product"}],"wp:featuredmedia":[{"embeddable":true,"href":"https:\/\/innocentiemangonipiante.it\/es\/wp-json\/wp\/v2\/media\/3950"}],"wp:attachment":[{"href":"https:\/\/innocentiemangonipiante.it\/es\/wp-json\/wp\/v2\/media?parent=16428"}],"wp:term":[{"taxonomy":"product_brand","embeddable":true,"href":"https:\/\/innocentiemangonipiante.it\/es\/wp-json\/wp\/v2\/product_brand?post=16428"},{"taxonomy":"product_cat","embeddable":true,"href":"https:\/\/innocentiemangonipiante.it\/es\/wp-json\/wp\/v2\/product_cat?post=16428"},{"taxonomy":"product_tag","embeddable":true,"href":"https:\/\/innocentiemangonipiante.it\/es\/wp-json\/wp\/v2\/product_tag?post=16428"}],"curies":[{"name":"wp","href":"https:\/\/api.w.org\/{rel}","templated":true}]}}