{"id":16438,"date":"2023-11-04T01:45:06","date_gmt":"2023-11-04T00:45:06","guid":{"rendered":"http:\/\/innocentiemangonipiante.it\/magnolia-grandiflora-galissoniensis-praecox\/"},"modified":"2023-10-06T12:41:36","modified_gmt":"2023-10-06T10:41:36","slug":"magnolia-grandiflora-galissoniensis-praecox","status":"publish","type":"product","link":"https:\/\/innocentiemangonipiante.it\/es\/magnolia-grandiflora-galissoniensis-praecox\/","title":{"rendered":"MAGNOLIA grandiflora &#8216;Galissoniensis Praecox&#8217;"},"content":{"rendered":"<p>Selecci\u00f3n con las caracter\u00edsticas similares de la M.G. Galissoniensis. Las hojas son poco m\u00e1s peque\u00f1as y poco onduladas. La particularidad primaria es la floraci\u00f3n grande y abundante que tiene lugar a principios del 2\u00b0-3\u00b0 a\u00f1o de vida de la planta.<\/p>\n","protected":false},"excerpt":{"rendered":"<p>Selecci\u00f3n con las caracter\u00edsticas similares de la M.G. Galissoniensis. Las hojas son poco m\u00e1s peque\u00f1as y poco onduladas. La particularidad primaria es la floraci\u00f3n grande y abundante que tiene lugar a principios del 2\u00b0-3\u00b0 a\u00f1o de vida de la planta.<\/p>\n","protected":false},"featured_media":3892,"template":"","meta":{"_acf_changed":false},"product_brand":[],"product_cat":[8815,9232],"product_tag":[10899,8545,8566,8402,8426],"class_list":{"0":"post-16438","1":"product","2":"type-product","3":"status-publish","4":"has-post-thumbnail","6":"product_cat-arboles-y-arbustos-persistentes","7":"product_cat-arboles-y-plantas-del-futuro","8":"product_tag-natural-es","9":"product_tag-ejemplar","10":"product_tag-medio-tallo","11":"product_tag-tallo-alto","12":"product_tag-tronco-alto-espaldera","13":"pa_altezza-massima-800-es","14":"pa_altezza-massima-12-metros","15":"pa_arte-topiaria-disponible-planta-en-forma","16":"pa_colore-fioritura-blanco","17":"pa_condizionamento-clt-es","18":"pa_condizionamento-placa","19":"pa_condizionamento-vs-es","20":"pa_famiglia-magnoliaceae-es","21":"pa_genere-magnolia-es","22":"pa_origine-origine-delle-piante-u-s-a-es","23":"pa_periodo-fioritura-julio","24":"pa_periodo-fioritura-junio","25":"pa_portamento-piramidale-es","26":"pa_profumo-intenso-es","27":"pa_resistenza-climatica-media-elevada","28":"pa_utilizzo-parques","30":"first","31":"instock","32":"purchasable","33":"product-type-simple"},"acf":[],"_links":{"self":[{"href":"https:\/\/innocentiemangonipiante.it\/es\/wp-json\/wp\/v2\/product\/16438","targetHints":{"allow":["GET"]}}],"collection":[{"href":"https:\/\/innocentiemangonipiante.it\/es\/wp-json\/wp\/v2\/product"}],"about":[{"href":"https:\/\/innocentiemangonipiante.it\/es\/wp-json\/wp\/v2\/types\/product"}],"wp:featuredmedia":[{"embeddable":true,"href":"https:\/\/innocentiemangonipiante.it\/es\/wp-json\/wp\/v2\/media\/3892"}],"wp:attachment":[{"href":"https:\/\/innocentiemangonipiante.it\/es\/wp-json\/wp\/v2\/media?parent=16438"}],"wp:term":[{"taxonomy":"product_brand","embeddable":true,"href":"https:\/\/innocentiemangonipiante.it\/es\/wp-json\/wp\/v2\/product_brand?post=16438"},{"taxonomy":"product_cat","embeddable":true,"href":"https:\/\/innocentiemangonipiante.it\/es\/wp-json\/wp\/v2\/product_cat?post=16438"},{"taxonomy":"product_tag","embeddable":true,"href":"https:\/\/innocentiemangonipiante.it\/es\/wp-json\/wp\/v2\/product_tag?post=16438"}],"curies":[{"name":"wp","href":"https:\/\/api.w.org\/{rel}","templated":true}]}}