{"id":16439,"date":"2023-11-04T01:45:15","date_gmt":"2023-11-04T00:45:15","guid":{"rendered":"http:\/\/innocentiemangonipiante.it\/magnolia-grandiflora-galissoniensis\/"},"modified":"2023-10-06T12:42:01","modified_gmt":"2023-10-06T10:42:01","slug":"magnolia-grandiflora-galissoniensis","status":"publish","type":"product","link":"https:\/\/innocentiemangonipiante.it\/es\/magnolia-grandiflora-galissoniensis\/","title":{"rendered":"MAGNOLIA grandiflora &#8216;Galissoniensis&#8217;"},"content":{"rendered":"<p>\u00c1rbol perennifolio de forma que tiende a c\u00f3nica, hojas cori\u00e1ceas, el\u00edpticas, ampliamente ovaladas. La parte superior es verde brillante mientras que el env\u00e9s es de color \u00f3xido, a menudo recubierto de pelusa. Florece en verano con grandes flores de color blanco crema en forma de copa muy perfumadas.<\/p>\n","protected":false},"excerpt":{"rendered":"<p>\u00c1rbol perennifolio de forma que tiende a c\u00f3nica, hojas cori\u00e1ceas, el\u00edpticas, ampliamente ovaladas. La parte superior es verde brillante mientras que el env\u00e9s es de color \u00f3xido, a menudo recubierto de pelusa. Florece en verano con grandes flores de color blanco crema en forma de copa muy perfumadas.<\/p>\n","protected":false},"featured_media":23023,"template":"","meta":{"_acf_changed":false},"product_brand":[],"product_cat":[8815],"product_tag":[10899,8545,8582,8566,8402,8426],"class_list":{"0":"post-16439","1":"product","2":"type-product","3":"status-publish","4":"has-post-thumbnail","6":"product_cat-arboles-y-arbustos-persistentes","7":"product_tag-natural-es","8":"product_tag-ejemplar","9":"product_tag-espaldera-de-medio-tallo","10":"product_tag-medio-tallo","11":"product_tag-tallo-alto","12":"product_tag-tronco-alto-espaldera","13":"pa_altezza-massima-15-metros","14":"pa_altezza-massima-20-metros","15":"pa_colore-fioritura-blanco","16":"pa_condizionamento-clt-es","17":"pa_condizionamento-placa","18":"pa_condizionamento-vs-es","19":"pa_famiglia-magnoliaceae-es","20":"pa_genere-magnolia-es","21":"pa_origine-origine-delle-piante-u-s-a-es","22":"pa_periodo-fioritura-julio","23":"pa_periodo-fioritura-junio","24":"pa_portamento-piramidale-es","25":"pa_profumo-intenso-es","26":"pa_resistenza-climatica-media-elevada","27":"pa_utilizzo-parques","29":"first","30":"instock","31":"purchasable","32":"product-type-simple"},"acf":[],"_links":{"self":[{"href":"https:\/\/innocentiemangonipiante.it\/es\/wp-json\/wp\/v2\/product\/16439","targetHints":{"allow":["GET"]}}],"collection":[{"href":"https:\/\/innocentiemangonipiante.it\/es\/wp-json\/wp\/v2\/product"}],"about":[{"href":"https:\/\/innocentiemangonipiante.it\/es\/wp-json\/wp\/v2\/types\/product"}],"wp:featuredmedia":[{"embeddable":true,"href":"https:\/\/innocentiemangonipiante.it\/es\/wp-json\/wp\/v2\/media\/23023"}],"wp:attachment":[{"href":"https:\/\/innocentiemangonipiante.it\/es\/wp-json\/wp\/v2\/media?parent=16439"}],"wp:term":[{"taxonomy":"product_brand","embeddable":true,"href":"https:\/\/innocentiemangonipiante.it\/es\/wp-json\/wp\/v2\/product_brand?post=16439"},{"taxonomy":"product_cat","embeddable":true,"href":"https:\/\/innocentiemangonipiante.it\/es\/wp-json\/wp\/v2\/product_cat?post=16439"},{"taxonomy":"product_tag","embeddable":true,"href":"https:\/\/innocentiemangonipiante.it\/es\/wp-json\/wp\/v2\/product_tag?post=16439"}],"curies":[{"name":"wp","href":"https:\/\/api.w.org\/{rel}","templated":true}]}}