{"id":16448,"date":"2023-11-04T01:49:54","date_gmt":"2023-11-04T00:49:54","guid":{"rendered":"http:\/\/innocentiemangonipiante.it\/mahonia-x-media-charity\/"},"modified":"2023-10-06T12:43:04","modified_gmt":"2023-10-06T10:43:04","slug":"mahonia-x-media-charity","status":"publish","type":"product","link":"https:\/\/innocentiemangonipiante.it\/es\/mahonia-x-media-charity\/","title":{"rendered":"MAHONIA x media &#8216;Charity&#8217;"},"content":{"rendered":"<p>Arbusto perennifolio erguido con hojas pinnadas que tienen un m\u00e1ximo de 21 hojitas, de ovaladas a lanceoladas, dentadas, de color verde. Desde finales de oto\u00f1o hasta finales de invierno produce flores de color amarillo lim\u00f3n.<\/p>\n","protected":false},"excerpt":{"rendered":"<p>Arbusto perennifolio erguido con hojas pinnadas que tienen un m\u00e1ximo de 21 hojitas, de ovaladas a lanceoladas, dentadas, de color verde. Desde finales de oto\u00f1o hasta finales de invierno produce flores de color amarillo lim\u00f3n.<\/p>\n","protected":false},"featured_media":4004,"template":"","meta":{"_acf_changed":false},"product_brand":[],"product_cat":[8815],"product_tag":[10899],"class_list":{"0":"post-16448","1":"product","2":"type-product","3":"status-publish","4":"has-post-thumbnail","6":"product_cat-arboles-y-arbustos-persistentes","7":"product_tag-natural-es","8":"pa_altezza-massima-300-es","9":"pa_altezza-massima-500-es","10":"pa_colore-fioritura-amarillo","11":"pa_condizionamento-clt-es","12":"pa_condizionamento-placa","13":"pa_condizionamento-vs-es","14":"pa_famiglia-berberidaceae-es","15":"pa_genere-mahonia-es","16":"pa_inquinamento-resistente-al-smog","17":"pa_origine-inglaterra","18":"pa_periodo-fioritura-diciembre","19":"pa_periodo-fioritura-enero","20":"pa_periodo-fioritura-febrero","21":"pa_periodo-fioritura-noviembre","22":"pa_portamento-eretto-es","23":"pa_resistenza-climatica-muy-elevada","24":"pa_salinita-resistente-alla-salsedine-es","25":"pa_utilizzo-parques","26":"pa_utilizzo-pequenos-jardines","27":"pa_utilizzo-setos","29":"first","30":"instock","31":"purchasable","32":"product-type-simple"},"acf":[],"_links":{"self":[{"href":"https:\/\/innocentiemangonipiante.it\/es\/wp-json\/wp\/v2\/product\/16448","targetHints":{"allow":["GET"]}}],"collection":[{"href":"https:\/\/innocentiemangonipiante.it\/es\/wp-json\/wp\/v2\/product"}],"about":[{"href":"https:\/\/innocentiemangonipiante.it\/es\/wp-json\/wp\/v2\/types\/product"}],"wp:featuredmedia":[{"embeddable":true,"href":"https:\/\/innocentiemangonipiante.it\/es\/wp-json\/wp\/v2\/media\/4004"}],"wp:attachment":[{"href":"https:\/\/innocentiemangonipiante.it\/es\/wp-json\/wp\/v2\/media?parent=16448"}],"wp:term":[{"taxonomy":"product_brand","embeddable":true,"href":"https:\/\/innocentiemangonipiante.it\/es\/wp-json\/wp\/v2\/product_brand?post=16448"},{"taxonomy":"product_cat","embeddable":true,"href":"https:\/\/innocentiemangonipiante.it\/es\/wp-json\/wp\/v2\/product_cat?post=16448"},{"taxonomy":"product_tag","embeddable":true,"href":"https:\/\/innocentiemangonipiante.it\/es\/wp-json\/wp\/v2\/product_tag?post=16448"}],"curies":[{"name":"wp","href":"https:\/\/api.w.org\/{rel}","templated":true}]}}