{"id":16449,"date":"2023-11-04T01:49:47","date_gmt":"2023-11-04T00:49:47","guid":{"rendered":"http:\/\/innocentiemangonipiante.it\/mahonia-japonica\/"},"modified":"2023-10-06T12:43:03","modified_gmt":"2023-10-06T10:43:03","slug":"mahonia-japonica","status":"publish","type":"product","link":"https:\/\/innocentiemangonipiante.it\/es\/mahonia-japonica\/","title":{"rendered":"MAHONIA japonica"},"content":{"rendered":"<p>Arbusto perennifolio, erguido, con hojas pinnadas que tienen un m\u00e1ximo de 19 hojitas dentadas. Desde finales de oto\u00f1o a principios de primavera produce flores amarillas claras perfumadas, a continuaci\u00f3n bayas ovoides de color azul-p\u00farpura.<\/p>\n","protected":false},"excerpt":{"rendered":"<p>Arbusto perennifolio, erguido, con hojas pinnadas que tienen un m\u00e1ximo de 19 hojitas dentadas. Desde finales de oto\u00f1o a principios de primavera produce flores amarillas claras perfumadas, a continuaci\u00f3n bayas ovoides de color azul-p\u00farpura.<\/p>\n","protected":false},"featured_media":3998,"template":"","meta":{"_acf_changed":false},"product_brand":[],"product_cat":[8815],"product_tag":[10899],"class_list":{"0":"post-16449","1":"product","2":"type-product","3":"status-publish","4":"has-post-thumbnail","6":"product_cat-arboles-y-arbustos-persistentes","7":"product_tag-natural-es","8":"pa_altezza-massima-150-es","9":"pa_altezza-massima-200-es","10":"pa_colore-fioritura-amarillo","11":"pa_condizionamento-placa","12":"pa_famiglia-berberidaceae-es","13":"pa_genere-mahonia-es","14":"pa_inquinamento-resistente-al-smog","15":"pa_origine-cina","16":"pa_periodo-fioritura-diciembre","17":"pa_periodo-fioritura-enero","18":"pa_periodo-fioritura-febrero","19":"pa_periodo-fioritura-marzo-es","20":"pa_periodo-fioritura-noviembre","21":"pa_portamento-eretto-es","22":"pa_profumo-delicato-es","23":"pa_resistenza-climatica-muy-elevada","24":"pa_salinita-resistente-alla-salsedine-es","25":"pa_utilizzo-parques","26":"pa_utilizzo-pequenos-jardines","27":"pa_utilizzo-setos","29":"first","30":"instock","31":"purchasable","32":"product-type-simple"},"acf":[],"_links":{"self":[{"href":"https:\/\/innocentiemangonipiante.it\/es\/wp-json\/wp\/v2\/product\/16449","targetHints":{"allow":["GET"]}}],"collection":[{"href":"https:\/\/innocentiemangonipiante.it\/es\/wp-json\/wp\/v2\/product"}],"about":[{"href":"https:\/\/innocentiemangonipiante.it\/es\/wp-json\/wp\/v2\/types\/product"}],"wp:featuredmedia":[{"embeddable":true,"href":"https:\/\/innocentiemangonipiante.it\/es\/wp-json\/wp\/v2\/media\/3998"}],"wp:attachment":[{"href":"https:\/\/innocentiemangonipiante.it\/es\/wp-json\/wp\/v2\/media?parent=16449"}],"wp:term":[{"taxonomy":"product_brand","embeddable":true,"href":"https:\/\/innocentiemangonipiante.it\/es\/wp-json\/wp\/v2\/product_brand?post=16449"},{"taxonomy":"product_cat","embeddable":true,"href":"https:\/\/innocentiemangonipiante.it\/es\/wp-json\/wp\/v2\/product_cat?post=16449"},{"taxonomy":"product_tag","embeddable":true,"href":"https:\/\/innocentiemangonipiante.it\/es\/wp-json\/wp\/v2\/product_tag?post=16449"}],"curies":[{"name":"wp","href":"https:\/\/api.w.org\/{rel}","templated":true}]}}