{"id":16451,"date":"2023-11-04T01:49:21","date_gmt":"2023-11-04T00:49:21","guid":{"rendered":"http:\/\/innocentiemangonipiante.it\/mahonia-aquifolium\/"},"modified":"2023-10-06T12:42:57","modified_gmt":"2023-10-06T10:42:57","slug":"mahonia-aquifolium","status":"publish","type":"product","link":"https:\/\/innocentiemangonipiante.it\/es\/mahonia-aquifolium\/","title":{"rendered":"MAHONIA aquifolium"},"content":{"rendered":"<p>Arbusto perennifolio con hojas pinnadas que tienen un m\u00e1ximo de 9 hojitas ovaladas con dientes espinosos de color verde y rojo-p\u00farpura en invierno. En primavera aparecen flores amarillas que van seguidas de bayas esf\u00e9ricas de color azul-negro.<\/p>\n","protected":false},"excerpt":{"rendered":"<p>Arbusto perennifolio con hojas pinnadas que tienen un m\u00e1ximo de 9 hojitas ovaladas con dientes espinosos de color verde y rojo-p\u00farpura en invierno. En primavera aparecen flores amarillas que van seguidas de bayas esf\u00e9ricas de color azul-negro.<\/p>\n","protected":false},"featured_media":3986,"template":"","meta":{"_acf_changed":false},"product_brand":[],"product_cat":[8815],"product_tag":[10899],"class_list":{"0":"post-16451","1":"product","2":"type-product","3":"status-publish","4":"has-post-thumbnail","6":"product_cat-arboles-y-arbustos-persistentes","7":"product_tag-natural-es","8":"pa_altezza-massima-100-es","9":"pa_altezza-massima-150-es","10":"pa_colore-fioritura-amarillo","11":"pa_condizionamento-clt-es","12":"pa_condizionamento-placa","13":"pa_famiglia-berberidaceae-es","14":"pa_genere-mahonia-es","15":"pa_inquinamento-resistente-al-smog","16":"pa_origine-origine-delle-piante-u-s-a-es","17":"pa_periodo-fioritura-marzo-es","18":"pa_periodo-fruttificazione-abril","19":"pa_portamento-cespuglioso-es","20":"pa_resistenza-climatica-muy-elevada","21":"pa_resistenza-del-suolo-resistente-a-los-suelos-calcareos","22":"pa_salinita-resistente-alla-salsedine-es","23":"pa_utilizzo-balcones","24":"pa_utilizzo-parques","25":"pa_utilizzo-pequenos-jardines","26":"pa_utilizzo-setos","28":"first","29":"instock","30":"purchasable","31":"product-type-simple"},"acf":[],"_links":{"self":[{"href":"https:\/\/innocentiemangonipiante.it\/es\/wp-json\/wp\/v2\/product\/16451","targetHints":{"allow":["GET"]}}],"collection":[{"href":"https:\/\/innocentiemangonipiante.it\/es\/wp-json\/wp\/v2\/product"}],"about":[{"href":"https:\/\/innocentiemangonipiante.it\/es\/wp-json\/wp\/v2\/types\/product"}],"wp:featuredmedia":[{"embeddable":true,"href":"https:\/\/innocentiemangonipiante.it\/es\/wp-json\/wp\/v2\/media\/3986"}],"wp:attachment":[{"href":"https:\/\/innocentiemangonipiante.it\/es\/wp-json\/wp\/v2\/media?parent=16451"}],"wp:term":[{"taxonomy":"product_brand","embeddable":true,"href":"https:\/\/innocentiemangonipiante.it\/es\/wp-json\/wp\/v2\/product_brand?post=16451"},{"taxonomy":"product_cat","embeddable":true,"href":"https:\/\/innocentiemangonipiante.it\/es\/wp-json\/wp\/v2\/product_cat?post=16451"},{"taxonomy":"product_tag","embeddable":true,"href":"https:\/\/innocentiemangonipiante.it\/es\/wp-json\/wp\/v2\/product_tag?post=16451"}],"curies":[{"name":"wp","href":"https:\/\/api.w.org\/{rel}","templated":true}]}}